{"id":589,"date":"2022-07-20T19:28:28","date_gmt":"2022-07-20T18:28:28","guid":{"rendered":"https:\/\/amlegal.rethinkdigital.io\/?page_id=589"},"modified":"2025-03-17T18:19:30","modified_gmt":"2025-03-17T17:19:30","slug":"gesetze","status":"publish","type":"page","link":"https:\/\/www.activemind.legal\/de\/gesetze\/","title":{"rendered":"Wichtige Gesetze als Volltext"},"content":{"rendered":"\t\t<div data-elementor-type=\"wp-page\" data-elementor-id=\"589\" class=\"elementor elementor-589 elementor-587\" data-elementor-post-type=\"page\">\n\t\t\t\t\t\t<section class=\"elementor-section elementor-top-section elementor-element elementor-element-3ea541a elementor-section-content-middle elementor-section-height-min-height elementor-section-boxed elementor-section-height-default elementor-section-items-middle\" data-id=\"3ea541a\" data-element_type=\"section\" data-settings=\"{&quot;background_background&quot;:&quot;gradient&quot;,&quot;shape_divider_bottom&quot;:&quot;waves&quot;}\">\n\t\t\t\t\t\t\t<div class=\"elementor-background-overlay\"><\/div>\n\t\t\t\t\t\t<div class=\"elementor-shape elementor-shape-bottom\" aria-hidden=\"true\" data-negative=\"false\">\n\t\t\t<svg xmlns=\"http:\/\/www.w3.org\/2000\/svg\" viewBox=\"0 0 1000 100\" preserveAspectRatio=\"none\">\n\t<path class=\"elementor-shape-fill\" d=\"M421.9,6.5c22.6-2.5,51.5,0.4,75.5,5.3c23.6,4.9,70.9,23.5,100.5,35.7c75.8,32.2,133.7,44.5,192.6,49.7\n\tc23.6,2.1,48.7,3.5,103.4-2.5c54.7-6,106.2-25.6,106.2-25.6V0H0v30.3c0,0,72,32.6,158.4,30.5c39.2-0.7,92.8-6.7,134-22.4\n\tc21.2-8.1,52.2-18.2,79.7-24.2C399.3,7.9,411.6,7.5,421.9,6.5z\"\/>\n<\/svg>\t\t<\/div>\n\t\t\t\t\t<div class=\"elementor-container elementor-column-gap-extended\">\n\t\t\t\t\t<div class=\"elementor-column elementor-col-100 elementor-top-column elementor-element elementor-element-584d1c5\" data-id=\"584d1c5\" data-element_type=\"column\">\n\t\t\t<div class=\"elementor-widget-wrap elementor-element-populated\">\n\t\t\t\t\t\t<div class=\"elementor-element elementor-element-e868efc elementor-widget__width-auto elementor-widget elementor-widget-breadcrumbs\" data-id=\"e868efc\" data-element_type=\"widget\" data-widget_type=\"breadcrumbs.default\">\n\t\t\t\t<div class=\"elementor-widget-container\">\n\t\t\t\t\t<p id=\"breadcrumbs\"><span><span><a href=\"https:\/\/www.activemind.legal\/de\/\">Home<\/a><\/span><\/span><\/p>\t\t\t\t<\/div>\n\t\t\t\t<\/div>\n\t\t\t\t<div class=\"elementor-element elementor-element-b3f26c6 elementor-widget elementor-widget-theme-post-title elementor-page-title elementor-widget-heading\" data-id=\"b3f26c6\" data-element_type=\"widget\" data-widget_type=\"theme-post-title.default\">\n\t\t\t\t<div class=\"elementor-widget-container\">\n\t\t\t\t\t<h1 class=\"elementor-heading-title elementor-size-default\">Wichtige Gesetze als Volltext<\/h1>\t\t\t\t<\/div>\n\t\t\t\t<\/div>\n\t\t\t\t\t<\/div>\n\t\t<\/div>\n\t\t\t\t\t<\/div>\n\t\t<\/section>\n\t\t\t\t<section class=\"elementor-section elementor-top-section elementor-element elementor-element-17d72d37 elementor-section-boxed elementor-section-height-default elementor-section-height-default\" data-id=\"17d72d37\" data-element_type=\"section\">\n\t\t\t\t\t\t<div class=\"elementor-container elementor-column-gap-extended\">\n\t\t\t\t\t<div class=\"elementor-column elementor-col-66 elementor-top-column elementor-element elementor-element-3c6b7450\" data-id=\"3c6b7450\" data-element_type=\"column\">\n\t\t\t<div class=\"elementor-widget-wrap elementor-element-populated\">\n\t\t\t\t\t\t<div class=\"elementor-element elementor-element-5d204a24 elementor-widget elementor-widget-text-editor\" data-id=\"5d204a24\" data-element_type=\"widget\" data-widget_type=\"text-editor.default\">\n\t\t\t\t<div class=\"elementor-widget-container\">\n\t\t\t\t\t\t\t\t\t<p>Wer f\u00fcr die Compliance bzw. Umsetzung des Rechts im Unternehmen verantwortlich ist, wird sich dabei immer wieder mit dem originalen Gesetzestext besch\u00e4ftigen m\u00fcssen.<\/p><p>Deshalb haben wir Ihnen die wichtigsten Gesetze als Volltext in gut navigierbarer Darstellung aufbereitet.<\/p><h3>Europ\u00e4ische Union<\/h3><ul><li><a href=\"https:\/\/www.activemind.legal\/de\/gesetze\/ai-act\/\">Europ\u00e4ische KI-Verordnung (AI Act)<\/a><\/li><li><a href=\"\/de\/gesetze\/dsgvo\/\">EU-Datenschutz-Grundverordnung (DSGVO)<\/a><\/li><\/ul><h3>Deutschland<\/h3><ul><li><a href=\"\/de\/gesetze\/bdsg\/\">Bundesdatenschutzgesetz (BDSG)<\/a><\/li><li><a href=\"\/de\/gesetze\/tdddg\/\">Telekommunikation-Digitale-Dienste-Datenschutz-Gesetz (TDDDG)<\/a><\/li><li><a href=\"\/de\/gesetze\/hinschg\/\">Hinweisgeberschutzgesetz (HinSchG)<\/a><\/li><\/ul><h3>Schweiz (bei unserem Partnerunternehmen) <\/h3><ul><li><a href=\"https:\/\/www.activemind.ch\/gesetze\/dsg\/\" target=\"_blank\" rel=\"noopener\">Bundesgesetz \u00fcber den Datenschutz (Datenschutzgesetz, DSG)<\/a><\/li><li><a href=\"https:\/\/www.activemind.ch\/gesetze\/dsv\/\" data-auto-event-observed=\"true\">Verordnung \u00fcber den Datenschutz (Datenschutzverordnung, DSV)<\/a><\/li><li><a href=\"https:\/\/www.activemind.ch\/gesetze\/vdsz\/\" data-auto-event-observed=\"true\">Verordnung \u00fcber Datenschutzzertifizierungen (VDSZ)<\/a><\/li><\/ul>\t\t\t\t\t\t\t\t<\/div>\n\t\t\t\t<\/div>\n\t\t\t\t\t<\/div>\n\t\t<\/div>\n\t\t\t\t<div class=\"elementor-column elementor-col-33 elementor-top-column elementor-element elementor-element-b9ac5d8\" data-id=\"b9ac5d8\" data-element_type=\"column\">\n\t\t\t<div class=\"elementor-widget-wrap\">\n\t\t\t\t\t\t\t<\/div>\n\t\t<\/div>\n\t\t\t\t\t<\/div>\n\t\t<\/section>\n\t\t\t\t<\/div>\n\t\t","protected":false},"excerpt":{"rendered":"<p>Wer f\u00fcr die Compliance bzw. Umsetzung des Rechts im Unternehmen verantwortlich ist, wird sich dabei immer wieder mit dem originalen Gesetzestext besch\u00e4ftigen m\u00fcssen. Deshalb haben wir Ihnen die wichtigsten Gesetze als Volltext in gut navigierbarer Darstellung aufbereitet. Europ\u00e4ische Union Europ\u00e4ische KI-Verordnung (AI Act) EU-Datenschutz-Grundverordnung (DSGVO) Deutschland Bundesdatenschutzgesetz (BDSG) Telekommunikation-Digitale-Dienste-Datenschutz-Gesetz (TDDDG) Hinweisgeberschutzgesetz (HinSchG) Schweiz (bei unserem [&hellip;]<\/p>\n","protected":false},"author":1,"featured_media":0,"parent":0,"menu_order":0,"comment_status":"closed","ping_status":"closed","template":"","meta":{"_acf_changed":false,"footnotes":""},"categories":[],"class_list":["post-589","page","type-page","status-publish","hentry"],"acf":[],"yoast_head":"<!-- This site is optimized with the Yoast SEO plugin v27.3 - https:\/\/yoast.com\/product\/yoast-seo-wordpress\/ -->\n<title>Wichtige Gesetze als Volltext | activeMind.legal<\/title>\n<meta name=\"robots\" content=\"index, follow, max-snippet:-1, max-image-preview:large, max-video-preview:-1\" \/>\n<link rel=\"canonical\" href=\"https:\/\/www.activemind.legal\/de\/gesetze\/\" \/>\n<meta property=\"og:locale\" content=\"de_DE\" \/>\n<meta property=\"og:type\" content=\"article\" \/>\n<meta property=\"og:title\" content=\"Wichtige Gesetze als Volltext | activeMind.legal\" \/>\n<meta property=\"og:description\" content=\"Wer f\u00fcr die Compliance bzw. Umsetzung des Rechts im Unternehmen verantwortlich ist, wird sich dabei immer wieder mit dem originalen Gesetzestext besch\u00e4ftigen m\u00fcssen. Deshalb haben wir Ihnen die wichtigsten Gesetze als Volltext in gut navigierbarer Darstellung aufbereitet. Europ\u00e4ische Union Europ\u00e4ische KI-Verordnung (AI Act) EU-Datenschutz-Grundverordnung (DSGVO) Deutschland Bundesdatenschutzgesetz (BDSG) Telekommunikation-Digitale-Dienste-Datenschutz-Gesetz (TDDDG) Hinweisgeberschutzgesetz (HinSchG) Schweiz (bei unserem [&hellip;]\" \/>\n<meta property=\"og:url\" content=\"https:\/\/www.activemind.legal\/de\/gesetze\/\" \/>\n<meta property=\"og:site_name\" content=\"activeMind.legal\" \/>\n<meta property=\"article:modified_time\" content=\"2025-03-17T17:19:30+00:00\" \/>\n<meta name=\"twitter:card\" content=\"summary_large_image\" \/>\n<meta name=\"twitter:label1\" content=\"Est. reading time\" \/>\n\t<meta name=\"twitter:data1\" content=\"1 minute\" \/>\n<script type=\"application\/ld+json\" class=\"yoast-schema-graph\">{\"@context\":\"https:\\\/\\\/schema.org\",\"@graph\":[{\"@type\":\"WebPage\",\"@id\":\"https:\\\/\\\/www.activemind.legal\\\/de\\\/gesetze\\\/\",\"url\":\"https:\\\/\\\/www.activemind.legal\\\/de\\\/gesetze\\\/\",\"name\":\"Wichtige Gesetze als Volltext | activeMind.legal\",\"isPartOf\":{\"@id\":\"https:\\\/\\\/www.activemind.legal\\\/de\\\/#website\"},\"datePublished\":\"2022-07-20T18:28:28+00:00\",\"dateModified\":\"2025-03-17T17:19:30+00:00\",\"breadcrumb\":{\"@id\":\"https:\\\/\\\/www.activemind.legal\\\/de\\\/gesetze\\\/#breadcrumb\"},\"inLanguage\":\"de-DE\",\"potentialAction\":[{\"@type\":\"ReadAction\",\"target\":[\"https:\\\/\\\/www.activemind.legal\\\/de\\\/gesetze\\\/\"]}]},{\"@type\":\"BreadcrumbList\",\"@id\":\"https:\\\/\\\/www.activemind.legal\\\/de\\\/gesetze\\\/#breadcrumb\",\"itemListElement\":[{\"@type\":\"ListItem\",\"position\":1,\"name\":\"Home\",\"item\":\"https:\\\/\\\/www.activemind.legal\\\/de\\\/\"},{\"@type\":\"ListItem\",\"position\":2,\"name\":\"Gesetzestexte\"}]},{\"@type\":\"WebSite\",\"@id\":\"https:\\\/\\\/www.activemind.legal\\\/de\\\/#website\",\"url\":\"https:\\\/\\\/www.activemind.legal\\\/de\\\/\",\"name\":\"activeMind.legal\",\"description\":\"\",\"publisher\":{\"@id\":\"https:\\\/\\\/www.activemind.legal\\\/de\\\/#organization\"},\"potentialAction\":[{\"@type\":\"SearchAction\",\"target\":{\"@type\":\"EntryPoint\",\"urlTemplate\":\"https:\\\/\\\/www.activemind.legal\\\/de\\\/?s={search_term_string}\"},\"query-input\":{\"@type\":\"PropertyValueSpecification\",\"valueRequired\":true,\"valueName\":\"search_term_string\"}}],\"inLanguage\":\"de-DE\"},{\"@type\":\"Organization\",\"@id\":\"https:\\\/\\\/www.activemind.legal\\\/de\\\/#organization\",\"name\":\"activeMind.legal\",\"alternateName\":\"activeMind.legal Rechtsanwaltsgesellschaft mbH\",\"url\":\"https:\\\/\\\/www.activemind.legal\\\/de\\\/\",\"logo\":{\"@type\":\"ImageObject\",\"inLanguage\":\"de-DE\",\"@id\":\"https:\\\/\\\/www.activemind.legal\\\/de\\\/#\\\/schema\\\/logo\\\/image\\\/\",\"url\":\"https:\\\/\\\/www.activemind.legal\\\/wp-content\\\/uploads\\\/activeMind-legal_logo.svg\",\"contentUrl\":\"https:\\\/\\\/www.activemind.legal\\\/wp-content\\\/uploads\\\/activeMind-legal_logo.svg\",\"caption\":\"activeMind.legal\"},\"image\":{\"@id\":\"https:\\\/\\\/www.activemind.legal\\\/de\\\/#\\\/schema\\\/logo\\\/image\\\/\"}}]}<\/script>\n<!-- \/ Yoast SEO plugin. -->","yoast_head_json":{"title":"Wichtige Gesetze als Volltext | activeMind.legal","robots":{"index":"index","follow":"follow","max-snippet":"max-snippet:-1","max-image-preview":"max-image-preview:large","max-video-preview":"max-video-preview:-1"},"canonical":"https:\/\/www.activemind.legal\/de\/gesetze\/","og_locale":"de_DE","og_type":"article","og_title":"Wichtige Gesetze als Volltext | activeMind.legal","og_description":"Wer f\u00fcr die Compliance bzw. Umsetzung des Rechts im Unternehmen verantwortlich ist, wird sich dabei immer wieder mit dem originalen Gesetzestext besch\u00e4ftigen m\u00fcssen. Deshalb haben wir Ihnen die wichtigsten Gesetze als Volltext in gut navigierbarer Darstellung aufbereitet. Europ\u00e4ische Union Europ\u00e4ische KI-Verordnung (AI Act) EU-Datenschutz-Grundverordnung (DSGVO) Deutschland Bundesdatenschutzgesetz (BDSG) Telekommunikation-Digitale-Dienste-Datenschutz-Gesetz (TDDDG) Hinweisgeberschutzgesetz (HinSchG) Schweiz (bei unserem [&hellip;]","og_url":"https:\/\/www.activemind.legal\/de\/gesetze\/","og_site_name":"activeMind.legal","article_modified_time":"2025-03-17T17:19:30+00:00","twitter_card":"summary_large_image","twitter_misc":{"Est. reading time":"1 minute"},"schema":{"@context":"https:\/\/schema.org","@graph":[{"@type":"WebPage","@id":"https:\/\/www.activemind.legal\/de\/gesetze\/","url":"https:\/\/www.activemind.legal\/de\/gesetze\/","name":"Wichtige Gesetze als Volltext | activeMind.legal","isPartOf":{"@id":"https:\/\/www.activemind.legal\/de\/#website"},"datePublished":"2022-07-20T18:28:28+00:00","dateModified":"2025-03-17T17:19:30+00:00","breadcrumb":{"@id":"https:\/\/www.activemind.legal\/de\/gesetze\/#breadcrumb"},"inLanguage":"de-DE","potentialAction":[{"@type":"ReadAction","target":["https:\/\/www.activemind.legal\/de\/gesetze\/"]}]},{"@type":"BreadcrumbList","@id":"https:\/\/www.activemind.legal\/de\/gesetze\/#breadcrumb","itemListElement":[{"@type":"ListItem","position":1,"name":"Home","item":"https:\/\/www.activemind.legal\/de\/"},{"@type":"ListItem","position":2,"name":"Gesetzestexte"}]},{"@type":"WebSite","@id":"https:\/\/www.activemind.legal\/de\/#website","url":"https:\/\/www.activemind.legal\/de\/","name":"activeMind.legal","description":"","publisher":{"@id":"https:\/\/www.activemind.legal\/de\/#organization"},"potentialAction":[{"@type":"SearchAction","target":{"@type":"EntryPoint","urlTemplate":"https:\/\/www.activemind.legal\/de\/?s={search_term_string}"},"query-input":{"@type":"PropertyValueSpecification","valueRequired":true,"valueName":"search_term_string"}}],"inLanguage":"de-DE"},{"@type":"Organization","@id":"https:\/\/www.activemind.legal\/de\/#organization","name":"activeMind.legal","alternateName":"activeMind.legal Rechtsanwaltsgesellschaft mbH","url":"https:\/\/www.activemind.legal\/de\/","logo":{"@type":"ImageObject","inLanguage":"de-DE","@id":"https:\/\/www.activemind.legal\/de\/#\/schema\/logo\/image\/","url":"https:\/\/www.activemind.legal\/wp-content\/uploads\/activeMind-legal_logo.svg","contentUrl":"https:\/\/www.activemind.legal\/wp-content\/uploads\/activeMind-legal_logo.svg","caption":"activeMind.legal"},"image":{"@id":"https:\/\/www.activemind.legal\/de\/#\/schema\/logo\/image\/"}}]}},"_links":{"self":[{"href":"https:\/\/www.activemind.legal\/de\/wp-json\/wp\/v2\/pages\/589","targetHints":{"allow":["GET"]}}],"collection":[{"href":"https:\/\/www.activemind.legal\/de\/wp-json\/wp\/v2\/pages"}],"about":[{"href":"https:\/\/www.activemind.legal\/de\/wp-json\/wp\/v2\/types\/page"}],"author":[{"embeddable":true,"href":"https:\/\/www.activemind.legal\/de\/wp-json\/wp\/v2\/users\/1"}],"replies":[{"embeddable":true,"href":"https:\/\/www.activemind.legal\/de\/wp-json\/wp\/v2\/comments?post=589"}],"version-history":[{"count":46,"href":"https:\/\/www.activemind.legal\/de\/wp-json\/wp\/v2\/pages\/589\/revisions"}],"predecessor-version":[{"id":21855,"href":"https:\/\/www.activemind.legal\/de\/wp-json\/wp\/v2\/pages\/589\/revisions\/21855"}],"wp:attachment":[{"href":"https:\/\/www.activemind.legal\/de\/wp-json\/wp\/v2\/media?parent=589"}],"wp:term":[{"taxonomy":"category","embeddable":true,"href":"https:\/\/www.activemind.legal\/de\/wp-json\/wp\/v2\/categories?post=589"}],"curies":[{"name":"wp","href":"https:\/\/api.w.org\/{rel}","templated":true}]}}