{"id":18696,"date":"2024-02-02T13:03:50","date_gmt":"2024-02-02T12:03:50","guid":{"rendered":"https:\/\/www.activemind.legal\/?page_id=18696"},"modified":"2024-02-09T07:15:22","modified_gmt":"2024-02-09T06:15:22","slug":"data-compliance","status":"publish","type":"page","link":"https:\/\/www.activemind.legal\/de\/data-compliance\/","title":{"rendered":"Data-Compliance"},"content":{"rendered":"\t\t<div data-elementor-type=\"wp-page\" data-elementor-id=\"18696\" class=\"elementor elementor-18696 elementor-18680\" data-elementor-post-type=\"page\">\n\t\t\t\t\t\t<section class=\"elementor-section elementor-top-section elementor-element elementor-element-4b724397 elementor-section-content-top elementor-section-boxed elementor-section-height-default elementor-section-height-default\" data-id=\"4b724397\" data-element_type=\"section\" data-settings=\"{&quot;background_background&quot;:&quot;gradient&quot;,&quot;shape_divider_bottom&quot;:&quot;waves&quot;}\">\n\t\t\t\t\t\t\t<div class=\"elementor-background-overlay\"><\/div>\n\t\t\t\t\t\t<div class=\"elementor-shape elementor-shape-bottom\" aria-hidden=\"true\" data-negative=\"false\">\n\t\t\t<svg xmlns=\"http:\/\/www.w3.org\/2000\/svg\" viewBox=\"0 0 1000 100\" preserveAspectRatio=\"none\">\n\t<path class=\"elementor-shape-fill\" d=\"M421.9,6.5c22.6-2.5,51.5,0.4,75.5,5.3c23.6,4.9,70.9,23.5,100.5,35.7c75.8,32.2,133.7,44.5,192.6,49.7\n\tc23.6,2.1,48.7,3.5,103.4-2.5c54.7-6,106.2-25.6,106.2-25.6V0H0v30.3c0,0,72,32.6,158.4,30.5c39.2-0.7,92.8-6.7,134-22.4\n\tc21.2-8.1,52.2-18.2,79.7-24.2C399.3,7.9,411.6,7.5,421.9,6.5z\"\/>\n<\/svg>\t\t<\/div>\n\t\t\t\t\t<div class=\"elementor-container elementor-column-gap-wider\">\n\t\t\t\t\t<div class=\"elementor-column elementor-col-100 elementor-top-column elementor-element elementor-element-788f9b36\" data-id=\"788f9b36\" data-element_type=\"column\">\n\t\t\t<div class=\"elementor-widget-wrap elementor-element-populated\">\n\t\t\t\t\t\t<section class=\"elementor-section elementor-inner-section elementor-element elementor-element-6b887810 elementor-section-boxed elementor-section-height-default elementor-section-height-default\" data-id=\"6b887810\" data-element_type=\"section\">\n\t\t\t\t\t\t<div class=\"elementor-container elementor-column-gap-no\">\n\t\t\t\t\t<div class=\"elementor-column elementor-col-100 elementor-inner-column elementor-element elementor-element-6603773e\" data-id=\"6603773e\" data-element_type=\"column\">\n\t\t\t<div class=\"elementor-widget-wrap elementor-element-populated\">\n\t\t\t\t\t\t<div class=\"elementor-element elementor-element-36a794a5 elementor-widget elementor-widget-breadcrumbs\" data-id=\"36a794a5\" data-element_type=\"widget\" data-widget_type=\"breadcrumbs.default\">\n\t\t\t\t<div class=\"elementor-widget-container\">\n\t\t\t\t\t<p id=\"breadcrumbs\"><span><span><a href=\"https:\/\/www.activemind.legal\/de\/\">Home<\/a><\/span><\/span><\/p>\t\t\t\t<\/div>\n\t\t\t\t<\/div>\n\t\t\t\t\t<\/div>\n\t\t<\/div>\n\t\t\t\t\t<\/div>\n\t\t<\/section>\n\t\t\t\t<div class=\"elementor-element elementor-element-127a7e8a elementor-widget elementor-widget-text-editor\" data-id=\"127a7e8a\" data-element_type=\"widget\" data-widget_type=\"text-editor.default\">\n\t\t\t\t<div class=\"elementor-widget-container\">\n\t\t\t\t\t\t\t\t\t<p>Was bedeutet Data-Compliance f\u00fcr Unternehmen in der EU? Welche Gesetze und Verordnungen sind zu beachten? Praktische Ratgeber von juristischen Experten!<\/p>\t\t\t\t\t\t\t\t<\/div>\n\t\t\t\t<\/div>\n\t\t\t\t\t<\/div>\n\t\t<\/div>\n\t\t\t\t\t<\/div>\n\t\t<\/section>\n\t\t\t\t<section class=\"elementor-section elementor-top-section elementor-element elementor-element-67d01ee3 elementor-section-boxed elementor-section-height-default elementor-section-height-default\" data-id=\"67d01ee3\" data-element_type=\"section\">\n\t\t\t\t\t\t<div class=\"elementor-container elementor-column-gap-wider\">\n\t\t\t\t\t<div class=\"elementor-column elementor-col-66 elementor-top-column elementor-element elementor-element-44a6368b\" data-id=\"44a6368b\" data-element_type=\"column\">\n\t\t\t<div class=\"elementor-widget-wrap elementor-element-populated\">\n\t\t\t\t\t\t<div class=\"elementor-element elementor-element-6866f89a elementor-posts--thumbnail-none elementor-grid-2 elementor-grid-tablet-1 kl-news-stream elementor-grid-mobile-1 load-more-align-center elementor-widget elementor-widget-posts\" data-id=\"6866f89a\" data-element_type=\"widget\" data-settings=\"{&quot;pagination_type&quot;:&quot;load_more_on_click&quot;,&quot;classic_columns&quot;:&quot;2&quot;,&quot;classic_columns_tablet&quot;:&quot;1&quot;,&quot;classic_columns_mobile&quot;:&quot;1&quot;,&quot;classic_row_gap&quot;:{&quot;unit&quot;:&quot;px&quot;,&quot;size&quot;:35,&quot;sizes&quot;:[]},&quot;classic_row_gap_laptop&quot;:{&quot;unit&quot;:&quot;px&quot;,&quot;size&quot;:&quot;&quot;,&quot;sizes&quot;:[]},&quot;classic_row_gap_tablet&quot;:{&quot;unit&quot;:&quot;px&quot;,&quot;size&quot;:&quot;&quot;,&quot;sizes&quot;:[]},&quot;classic_row_gap_mobile&quot;:{&quot;unit&quot;:&quot;px&quot;,&quot;size&quot;:&quot;&quot;,&quot;sizes&quot;:[]},&quot;load_more_spinner&quot;:{&quot;value&quot;:&quot;fas fa-spinner&quot;,&quot;library&quot;:&quot;fa-solid&quot;}}\" data-widget_type=\"posts.classic\">\n\t\t\t\t<div class=\"elementor-widget-container\">\n\t\t\t\t\t\t\t<div class=\"elementor-posts-container elementor-posts elementor-posts--skin-classic elementor-grid\" role=\"list\">\n\t\t\t\t<article class=\"elementor-post elementor-grid-item post-23760 post type-post status-publish format-standard hentry category-data-compliance-de\" role=\"listitem\">\n\t\t\t\t<div class=\"elementor-post__text\">\n\t\t\t\t<h2 class=\"elementor-post__title\">\n\t\t\t<a href=\"https:\/\/www.activemind.legal\/de\/guides\/dadg\/\" >\n\t\t\t\tDas Durchf\u00fchrungsgesetz zum Data Act\t\t\t<\/a>\n\t\t<\/h2>\n\t\t\t\t<div class=\"elementor-post__meta-data\">\n\t\t\t\t\t<span class=\"elementor-post-author\">\n\t\t\tHaykuhi Gevorgyan\t\t<\/span>\n\t\t\t\t<span class=\"elementor-post-date\">\n\t\t\t24 April 2026\t\t<\/span>\n\t\t\t\t<\/div>\n\t\t\t\t<div class=\"elementor-post__excerpt\">\n\t\t\t<p>Wie das DADG die Umsetzung des Data Acts in Deutschland regelt und was das f\u00fcr Unternehmen hierzulande bedeutet. <\/p>\n\t\t<\/div>\n\t\t\t\t<\/div>\n\t\t\t\t<\/article>\n\t\t\t\t<article class=\"elementor-post elementor-grid-item post-23392 post type-post status-publish format-standard hentry category-data-compliance-de category-ki\" role=\"listitem\">\n\t\t\t\t<div class=\"elementor-post__text\">\n\t\t\t\t<h2 class=\"elementor-post__title\">\n\t\t\t<a href=\"https:\/\/www.activemind.legal\/de\/guides\/aenderungen-ki-verordnung\/\" >\n\t\t\t\tGeplante \u00c4nderungen der KI-Verordnung\t\t\t<\/a>\n\t\t<\/h2>\n\t\t\t\t<div class=\"elementor-post__meta-data\">\n\t\t\t\t\t<span class=\"elementor-post-author\">\n\t\t\tDavid Weihbrecht\t\t<\/span>\n\t\t\t\t<span class=\"elementor-post-date\">\n\t\t\t27 March 2026\t\t<\/span>\n\t\t\t\t<\/div>\n\t\t\t\t<div class=\"elementor-post__excerpt\">\n\t\t\t<p>Die KI-Verordnung (AI Act) wird im Rahmen eines Omnibus-Verfahrens reformiert, mit dem Ziel mehr Wettbewerbsf\u00e4higkeit f\u00fcr EU-Unternehmen zu erreichen. Wir erkl\u00e4ren Vor- und Nachteile f\u00fcr Unternehmen. <\/p>\n\t\t<\/div>\n\t\t\t\t<\/div>\n\t\t\t\t<\/article>\n\t\t\t\t<article class=\"elementor-post elementor-grid-item post-23664 post type-post status-publish format-standard hentry category-data-compliance-de category-ki\" role=\"listitem\">\n\t\t\t\t<div class=\"elementor-post__text\">\n\t\t\t\t<h2 class=\"elementor-post__title\">\n\t\t\t<a href=\"https:\/\/www.activemind.legal\/de\/guides\/ki-mig\/\" >\n\t\t\t\tKI-MIG \u2013 das Gesetz zur Durchf\u00fchrung der KI-Verordnung\t\t\t<\/a>\n\t\t<\/h2>\n\t\t\t\t<div class=\"elementor-post__meta-data\">\n\t\t\t\t\t<span class=\"elementor-post-author\">\n\t\t\tVasiliki Paschou\t\t<\/span>\n\t\t\t\t<span class=\"elementor-post-date\">\n\t\t\t23 March 2026\t\t<\/span>\n\t\t\t\t<\/div>\n\t\t\t\t<div class=\"elementor-post__excerpt\">\n\t\t\t<p>Die Bundesregierung legt einen Entwurf f\u00fcr das Umsetzungsgesetz zur KI-Verordnung vor. Unternehmen m\u00fcssen vor allem mit erh\u00f6hter Kontrolle rechnen, was gute KI-Governance erfordert. <\/p>\n\t\t<\/div>\n\t\t\t\t<\/div>\n\t\t\t\t<\/article>\n\t\t\t\t<article class=\"elementor-post elementor-grid-item post-15577 post type-post status-publish format-standard hentry category-data-compliance-de category-digitale-transformation\" role=\"listitem\">\n\t\t\t\t<div class=\"elementor-post__text\">\n\t\t\t\t<h2 class=\"elementor-post__title\">\n\t\t\t<a href=\"https:\/\/www.activemind.legal\/de\/guides\/cra\/\" >\n\t\t\t\tCyber Resilience Act (CRA)\t\t\t<\/a>\n\t\t<\/h2>\n\t\t\t\t<div class=\"elementor-post__meta-data\">\n\t\t\t\t\t<span class=\"elementor-post-author\">\n\t\t\tNicole Kopp\t\t<\/span>\n\t\t\t\t<span class=\"elementor-post-date\">\n\t\t\t29 January 2026\t\t<\/span>\n\t\t\t\t<\/div>\n\t\t\t\t<div class=\"elementor-post__excerpt\">\n\t\t\t<p>Welche Anforderungen an die Cybersicherheit m\u00fcssen Hersteller, Importeure und H\u00e4ndler laut CRA erf\u00fcllen, um ab 2027 Produkte in der EU in Verkehr bringen zu d\u00fcrfen? <\/p>\n\t\t<\/div>\n\t\t\t\t<\/div>\n\t\t\t\t<\/article>\n\t\t\t\t<article class=\"elementor-post elementor-grid-item post-23531 post type-post status-publish format-standard hentry category-data-compliance-de\" role=\"listitem\">\n\t\t\t\t<div class=\"elementor-post__text\">\n\t\t\t\t<h2 class=\"elementor-post__title\">\n\t\t\t<a href=\"https:\/\/www.activemind.legal\/de\/guides\/datenschutztag\/\" >\n\t\t\t\tInternationaler Datenschutztag 2026\t\t\t<\/a>\n\t\t<\/h2>\n\t\t\t\t<div class=\"elementor-post__meta-data\">\n\t\t\t\t\t<span class=\"elementor-post-author\">\n\t\t\tDavid Weihbrecht\t\t<\/span>\n\t\t\t\t<span class=\"elementor-post-date\">\n\t\t\t27 January 2026\t\t<\/span>\n\t\t\t\t<\/div>\n\t\t\t\t<div class=\"elementor-post__excerpt\">\n\t\t\t<p>Datenschutz zwischen Anspruch und Wirklichkeit \u2013 oder welchen Stellenwert Unternehmen dem Datenschutz wirklich beimessen sollten, damit sie davon profitieren. <\/p>\n\t\t<\/div>\n\t\t\t\t<\/div>\n\t\t\t\t<\/article>\n\t\t\t\t<article class=\"elementor-post elementor-grid-item post-23507 post type-post status-publish format-standard hentry category-betroffenenrechte category-data-compliance-de\" role=\"listitem\">\n\t\t\t\t<div class=\"elementor-post__text\">\n\t\t\t\t<h2 class=\"elementor-post__title\">\n\t\t\t<a href=\"https:\/\/www.activemind.legal\/de\/guides\/data-act\/\" >\n\t\t\t\tData Act: Geplante \u00c4nderungen durch Omnibus IV\t\t\t<\/a>\n\t\t<\/h2>\n\t\t\t\t<div class=\"elementor-post__meta-data\">\n\t\t\t\t\t<span class=\"elementor-post-author\">\n\t\t\tHaykuhi Gevorgyan\t\t<\/span>\n\t\t\t\t<span class=\"elementor-post-date\">\n\t\t\t15 January 2026\t\t<\/span>\n\t\t\t\t<\/div>\n\t\t\t\t<div class=\"elementor-post__excerpt\">\n\t\t\t<p>Was die Reform des Data Acts f\u00fcr Unternehmen bedeutet \u2013 und wo dadurch mit Erleichterungen und Rechtssicherheit zu rechnen ist. <\/p>\n\t\t<\/div>\n\t\t\t\t<\/div>\n\t\t\t\t<\/article>\n\t\t\t\t<article class=\"elementor-post elementor-grid-item post-23233 post type-post status-publish format-standard hentry category-data-compliance-de category-digitale-transformation\" role=\"listitem\">\n\t\t\t\t<div class=\"elementor-post__text\">\n\t\t\t\t<h2 class=\"elementor-post__title\">\n\t\t\t<a href=\"https:\/\/www.activemind.legal\/de\/guides\/data-governance-act\/\" >\n\t\t\t\tData Governance Act (DGA)\t\t\t<\/a>\n\t\t<\/h2>\n\t\t\t\t<div class=\"elementor-post__meta-data\">\n\t\t\t\t\t<span class=\"elementor-post-author\">\n\t\t\tNicole Kopp\t\t<\/span>\n\t\t\t\t<span class=\"elementor-post-date\">\n\t\t\t12 November 2025\t\t<\/span>\n\t\t\t\t<\/div>\n\t\t\t\t<div class=\"elementor-post__excerpt\">\n\t\t\t<p>Mit dem Data Governance Act soll ein europ\u00e4ischer Binnenmarkt f\u00fcr Daten geschaffen werden. Wir erkl\u00e4ren die Bedeutung f\u00fcr Unternehmen und \u00f6ffentliche Stellen in Deutschland. <\/p>\n\t\t<\/div>\n\t\t\t\t<\/div>\n\t\t\t\t<\/article>\n\t\t\t\t<article class=\"elementor-post elementor-grid-item post-23003 post type-post status-publish format-standard hentry category-data-compliance-de category-datenschutz\" role=\"listitem\">\n\t\t\t\t<div class=\"elementor-post__text\">\n\t\t\t\t<h2 class=\"elementor-post__title\">\n\t\t\t<a href=\"https:\/\/www.activemind.legal\/de\/guides\/illegale-rechtsberatung\/\" >\n\t\t\t\tIllegale Rechtsberatung im Datenschutz?\t\t\t<\/a>\n\t\t<\/h2>\n\t\t\t\t<div class=\"elementor-post__meta-data\">\n\t\t\t\t\t<span class=\"elementor-post-author\">\n\t\t\tMichael Plankemann\t\t<\/span>\n\t\t\t\t<span class=\"elementor-post-date\">\n\t\t\t30 July 2025\t\t<\/span>\n\t\t\t\t<\/div>\n\t\t\t\t<div class=\"elementor-post__excerpt\">\n\t\t\t<p>Warum Datenschutzberatung schnell gegen das Rechtsdienstleistungsgesetz versto\u00dfen kann und was dann Beratern und Beratenen droht. <\/p>\n\t\t<\/div>\n\t\t\t\t<\/div>\n\t\t\t\t<\/article>\n\t\t\t\t<article class=\"elementor-post elementor-grid-item post-20350 post type-post status-publish format-standard hentry category-data-compliance-de category-digitale-transformation category-ki\" role=\"listitem\">\n\t\t\t\t<div class=\"elementor-post__text\">\n\t\t\t\t<h2 class=\"elementor-post__title\">\n\t\t\t<a href=\"https:\/\/www.activemind.legal\/de\/guides\/dsgvo-ai-act\/\" >\n\t\t\t\tDSGVO und AI Act: Gemeinsamkeiten und Unterschiede\t\t\t<\/a>\n\t\t<\/h2>\n\t\t\t\t<div class=\"elementor-post__meta-data\">\n\t\t\t\t\t<span class=\"elementor-post-author\">\n\t\t\tMartin R\u00f6leke\t\t<\/span>\n\t\t\t\t<span class=\"elementor-post-date\">\n\t\t\t14 October 2024\t\t<\/span>\n\t\t\t\t<\/div>\n\t\t\t\t<div class=\"elementor-post__excerpt\">\n\t\t\t<p>Die europ\u00e4ische Datenschutz-Grundverordnung und die KI-Verordnung \u00e4hneln sich in vielen Punkten, haben aber auch einige wichtige Unterschiede, die Unternehmen unbedingt kennen sollten. <\/p>\n\t\t<\/div>\n\t\t\t\t<\/div>\n\t\t\t\t<\/article>\n\t\t\t\t<article class=\"elementor-post elementor-grid-item post-17641 post type-post status-publish format-standard hentry category-aufsichtsbehoerden category-data-compliance-de\" role=\"listitem\">\n\t\t\t\t<div class=\"elementor-post__text\">\n\t\t\t\t<h2 class=\"elementor-post__title\">\n\t\t\t<a href=\"https:\/\/www.activemind.legal\/de\/guides\/dsgvo-durchsetzungsverordnung\/\" >\n\t\t\t\tDSGVO-Durchsetzungsverordnung\t\t\t<\/a>\n\t\t<\/h2>\n\t\t\t\t<div class=\"elementor-post__meta-data\">\n\t\t\t\t\t<span class=\"elementor-post-author\">\n\t\t\tMartin R\u00f6leke\t\t<\/span>\n\t\t\t\t<span class=\"elementor-post-date\">\n\t\t\t17 October 2023\t\t<\/span>\n\t\t\t\t<\/div>\n\t\t\t\t<div class=\"elementor-post__excerpt\">\n\t\t\t<p>Eine Initiative der Europ\u00e4ischen Kommission zur St\u00e4rkung der Durchsetzung der DSGVO soll grenz\u00fcberschreitende Verfahren vor Aufsichtsbeh\u00f6rden erleichtern und beschleunigen. <\/p>\n\t\t<\/div>\n\t\t\t\t<\/div>\n\t\t\t\t<\/article>\n\t\t\t\t<\/div>\n\t\t\t\t\t<span class=\"e-load-more-spinner\">\n\t\t\t\t<svg aria-hidden=\"true\" class=\"e-font-icon-svg e-fas-spinner\" viewBox=\"0 0 512 512\" xmlns=\"http:\/\/www.w3.org\/2000\/svg\"><path d=\"M304 48c0 26.51-21.49 48-48 48s-48-21.49-48-48 21.49-48 48-48 48 21.49 48 48zm-48 368c-26.51 0-48 21.49-48 48s21.49 48 48 48 48-21.49 48-48-21.49-48-48-48zm208-208c-26.51 0-48 21.49-48 48s21.49 48 48 48 48-21.49 48-48-21.49-48-48-48zM96 256c0-26.51-21.49-48-48-48S0 229.49 0 256s21.49 48 48 48 48-21.49 48-48zm12.922 99.078c-26.51 0-48 21.49-48 48s21.49 48 48 48 48-21.49 48-48c0-26.509-21.491-48-48-48zm294.156 0c-26.51 0-48 21.49-48 48s21.49 48 48 48 48-21.49 48-48c0-26.509-21.49-48-48-48zM108.922 60.922c-26.51 0-48 21.49-48 48s21.49 48 48 48 48-21.49 48-48-21.491-48-48-48z\"><\/path><\/svg>\t\t\t<\/span>\n\t\t\n\t\t\t\t<div class=\"e-load-more-anchor\" data-page=\"1\" data-max-page=\"2\" data-next-page=\"https:\/\/www.activemind.legal\/de\/wp-json\/wp\/v2\/pages\/18696\/page\/2\/\"><\/div>\n\t\t\t\t<div class=\"elementor-button-wrapper\">\n\t\t\t<a class=\"elementor-button elementor-size-sm\" role=\"button\">\n\t\t\t\t\t\t<span class=\"elementor-button-content-wrapper\">\n\t\t\t\t\t\t\t\t\t<span class=\"elementor-button-text\">Load More<\/span>\n\t\t\t\t\t<\/span>\n\t\t\t\t\t<\/a>\n\t\t<\/div>\n\t\t\t\t<div class=\"e-load-more-message\"><\/div>\n\t\t\t\t\t\t<\/div>\n\t\t\t\t<\/div>\n\t\t\t\t\t<\/div>\n\t\t<\/div>\n\t\t\t\t<aside class=\"elementor-column elementor-col-33 elementor-top-column elementor-element elementor-element-3fb4b311 elementor-hidden-mobile\" data-id=\"3fb4b311\" data-element_type=\"column\">\n\t\t\t<div class=\"elementor-widget-wrap elementor-element-populated\">\n\t\t\t\t\t\t<section class=\"elementor-section elementor-inner-section elementor-element elementor-element-3e6903c elementor-section-boxed elementor-section-height-default elementor-section-height-default\" data-id=\"3e6903c\" data-element_type=\"section\">\n\t\t\t\t\t\t<div class=\"elementor-container elementor-column-gap-default\">\n\t\t\t\t\t<div class=\"elementor-column elementor-col-100 elementor-inner-column elementor-element elementor-element-4d71f9d9\" data-id=\"4d71f9d9\" data-element_type=\"column\">\n\t\t\t<div class=\"elementor-widget-wrap elementor-element-populated\">\n\t\t\t\t\t\t<div class=\"elementor-element elementor-element-44b2c411 elementor-widget elementor-widget-heading\" data-id=\"44b2c411\" data-element_type=\"widget\" data-widget_type=\"heading.default\">\n\t\t\t\t<div class=\"elementor-widget-container\">\n\t\t\t\t\t<h3 class=\"elementor-heading-title elementor-size-default\">Why is data compliance so important?<\/h3>\t\t\t\t<\/div>\n\t\t\t\t<\/div>\n\t\t\t\t\t<\/div>\n\t\t<\/div>\n\t\t\t\t\t<\/div>\n\t\t<\/section>\n\t\t\t\t<section class=\"elementor-section elementor-inner-section elementor-element elementor-element-3338632 elementor-section-boxed elementor-section-height-default elementor-section-height-default\" data-id=\"3338632\" data-element_type=\"section\">\n\t\t\t\t\t\t<div class=\"elementor-container elementor-column-gap-default\">\n\t\t\t\t\t<div class=\"elementor-column elementor-col-100 elementor-inner-column elementor-element elementor-element-429eb4f\" data-id=\"429eb4f\" data-element_type=\"column\">\n\t\t\t<div class=\"elementor-widget-wrap elementor-element-populated\">\n\t\t\t\t\t\t<div class=\"elementor-element elementor-element-bd7a62f elementor-widget elementor-widget-heading\" data-id=\"bd7a62f\" data-element_type=\"widget\" data-widget_type=\"heading.default\">\n\t\t\t\t<div class=\"elementor-widget-container\">\n\t\t\t\t\t<h3 class=\"elementor-heading-title elementor-size-default\">Other specials<\/h3>\t\t\t\t<\/div>\n\t\t\t\t<\/div>\n\t\t\t\t\t<\/div>\n\t\t<\/div>\n\t\t\t\t\t<\/div>\n\t\t<\/section>\n\t\t\t\t\t<\/div>\n\t\t<\/aside>\n\t\t\t\t\t<\/div>\n\t\t<\/section>\n\t\t\t\t<\/div>\n\t\t","protected":false},"excerpt":{"rendered":"<p>Was bedeutet Data Compliance f\u00fcr Unternehmen in der EU? Welche Gesetze und Verrdnungen sind zu beachten? Praktische Ratgeber von juristischen Experten! <\/p>\n","protected":false},"author":1,"featured_media":0,"parent":0,"menu_order":0,"comment_status":"closed","ping_status":"closed","template":"","meta":{"_acf_changed":false,"footnotes":""},"categories":[84],"class_list":["post-18696","page","type-page","status-publish","hentry","category-specials-de"],"acf":[],"yoast_head":"<!-- This site is optimized with the Yoast SEO plugin v27.3 - https:\/\/yoast.com\/product\/yoast-seo-wordpress\/ -->\n<title>Data-Compliance | activeMind.legal<\/title>\n<meta name=\"description\" content=\"Was bedeutet Data-Compliance f\u00fcr Unternehmen in der EU? Welche Gesetze und Verordnungen sind zu beachten? Ratgeber von juristischen Experten!\" \/>\n<meta name=\"robots\" content=\"index, follow, max-snippet:-1, max-image-preview:large, max-video-preview:-1\" \/>\n<link rel=\"canonical\" href=\"https:\/\/www.activemind.legal\/de\/data-compliance\/\" \/>\n<meta property=\"og:locale\" content=\"de_DE\" \/>\n<meta property=\"og:type\" content=\"article\" \/>\n<meta property=\"og:title\" content=\"Data-Compliance | activeMind.legal\" \/>\n<meta property=\"og:description\" content=\"Was bedeutet Data-Compliance f\u00fcr Unternehmen in der EU? Welche Gesetze und Verordnungen sind zu beachten? Ratgeber von juristischen Experten!\" \/>\n<meta property=\"og:url\" content=\"https:\/\/www.activemind.legal\/de\/data-compliance\/\" \/>\n<meta property=\"og:site_name\" content=\"activeMind.legal\" \/>\n<meta property=\"article:modified_time\" content=\"2024-02-09T06:15:22+00:00\" \/>\n<meta name=\"twitter:card\" content=\"summary_large_image\" \/>\n<meta name=\"twitter:label1\" content=\"Est. reading time\" \/>\n\t<meta name=\"twitter:data1\" content=\"1 minute\" \/>\n<script type=\"application\/ld+json\" class=\"yoast-schema-graph\">{\"@context\":\"https:\\\/\\\/schema.org\",\"@graph\":[{\"@type\":\"WebPage\",\"@id\":\"https:\\\/\\\/www.activemind.legal\\\/de\\\/data-compliance\\\/\",\"url\":\"https:\\\/\\\/www.activemind.legal\\\/de\\\/data-compliance\\\/\",\"name\":\"Data-Compliance | activeMind.legal\",\"isPartOf\":{\"@id\":\"https:\\\/\\\/www.activemind.legal\\\/de\\\/#website\"},\"datePublished\":\"2024-02-02T12:03:50+00:00\",\"dateModified\":\"2024-02-09T06:15:22+00:00\",\"description\":\"Was bedeutet Data-Compliance f\u00fcr Unternehmen in der EU? Welche Gesetze und Verordnungen sind zu beachten? Ratgeber von juristischen Experten!\",\"breadcrumb\":{\"@id\":\"https:\\\/\\\/www.activemind.legal\\\/de\\\/data-compliance\\\/#breadcrumb\"},\"inLanguage\":\"de-DE\",\"potentialAction\":[{\"@type\":\"ReadAction\",\"target\":[\"https:\\\/\\\/www.activemind.legal\\\/de\\\/data-compliance\\\/\"]}]},{\"@type\":\"BreadcrumbList\",\"@id\":\"https:\\\/\\\/www.activemind.legal\\\/de\\\/data-compliance\\\/#breadcrumb\",\"itemListElement\":[{\"@type\":\"ListItem\",\"position\":1,\"name\":\"Home\",\"item\":\"https:\\\/\\\/www.activemind.legal\\\/de\\\/\"},{\"@type\":\"ListItem\",\"position\":2,\"name\":\"Data-Compliance\"}]},{\"@type\":\"WebSite\",\"@id\":\"https:\\\/\\\/www.activemind.legal\\\/de\\\/#website\",\"url\":\"https:\\\/\\\/www.activemind.legal\\\/de\\\/\",\"name\":\"activeMind.legal\",\"description\":\"\",\"publisher\":{\"@id\":\"https:\\\/\\\/www.activemind.legal\\\/de\\\/#organization\"},\"potentialAction\":[{\"@type\":\"SearchAction\",\"target\":{\"@type\":\"EntryPoint\",\"urlTemplate\":\"https:\\\/\\\/www.activemind.legal\\\/de\\\/?s={search_term_string}\"},\"query-input\":{\"@type\":\"PropertyValueSpecification\",\"valueRequired\":true,\"valueName\":\"search_term_string\"}}],\"inLanguage\":\"de-DE\"},{\"@type\":\"Organization\",\"@id\":\"https:\\\/\\\/www.activemind.legal\\\/de\\\/#organization\",\"name\":\"activeMind.legal\",\"alternateName\":\"activeMind.legal Rechtsanwaltsgesellschaft mbH\",\"url\":\"https:\\\/\\\/www.activemind.legal\\\/de\\\/\",\"logo\":{\"@type\":\"ImageObject\",\"inLanguage\":\"de-DE\",\"@id\":\"https:\\\/\\\/www.activemind.legal\\\/de\\\/#\\\/schema\\\/logo\\\/image\\\/\",\"url\":\"https:\\\/\\\/www.activemind.legal\\\/wp-content\\\/uploads\\\/activeMind-legal_logo.svg\",\"contentUrl\":\"https:\\\/\\\/www.activemind.legal\\\/wp-content\\\/uploads\\\/activeMind-legal_logo.svg\",\"caption\":\"activeMind.legal\"},\"image\":{\"@id\":\"https:\\\/\\\/www.activemind.legal\\\/de\\\/#\\\/schema\\\/logo\\\/image\\\/\"}}]}<\/script>\n<!-- \/ Yoast SEO plugin. -->","yoast_head_json":{"title":"Data-Compliance | activeMind.legal","description":"Was bedeutet Data-Compliance f\u00fcr Unternehmen in der EU? Welche Gesetze und Verordnungen sind zu beachten? Ratgeber von juristischen Experten!","robots":{"index":"index","follow":"follow","max-snippet":"max-snippet:-1","max-image-preview":"max-image-preview:large","max-video-preview":"max-video-preview:-1"},"canonical":"https:\/\/www.activemind.legal\/de\/data-compliance\/","og_locale":"de_DE","og_type":"article","og_title":"Data-Compliance | activeMind.legal","og_description":"Was bedeutet Data-Compliance f\u00fcr Unternehmen in der EU? Welche Gesetze und Verordnungen sind zu beachten? Ratgeber von juristischen Experten!","og_url":"https:\/\/www.activemind.legal\/de\/data-compliance\/","og_site_name":"activeMind.legal","article_modified_time":"2024-02-09T06:15:22+00:00","twitter_card":"summary_large_image","twitter_misc":{"Est. reading time":"1 minute"},"schema":{"@context":"https:\/\/schema.org","@graph":[{"@type":"WebPage","@id":"https:\/\/www.activemind.legal\/de\/data-compliance\/","url":"https:\/\/www.activemind.legal\/de\/data-compliance\/","name":"Data-Compliance | activeMind.legal","isPartOf":{"@id":"https:\/\/www.activemind.legal\/de\/#website"},"datePublished":"2024-02-02T12:03:50+00:00","dateModified":"2024-02-09T06:15:22+00:00","description":"Was bedeutet Data-Compliance f\u00fcr Unternehmen in der EU? Welche Gesetze und Verordnungen sind zu beachten? Ratgeber von juristischen Experten!","breadcrumb":{"@id":"https:\/\/www.activemind.legal\/de\/data-compliance\/#breadcrumb"},"inLanguage":"de-DE","potentialAction":[{"@type":"ReadAction","target":["https:\/\/www.activemind.legal\/de\/data-compliance\/"]}]},{"@type":"BreadcrumbList","@id":"https:\/\/www.activemind.legal\/de\/data-compliance\/#breadcrumb","itemListElement":[{"@type":"ListItem","position":1,"name":"Home","item":"https:\/\/www.activemind.legal\/de\/"},{"@type":"ListItem","position":2,"name":"Data-Compliance"}]},{"@type":"WebSite","@id":"https:\/\/www.activemind.legal\/de\/#website","url":"https:\/\/www.activemind.legal\/de\/","name":"activeMind.legal","description":"","publisher":{"@id":"https:\/\/www.activemind.legal\/de\/#organization"},"potentialAction":[{"@type":"SearchAction","target":{"@type":"EntryPoint","urlTemplate":"https:\/\/www.activemind.legal\/de\/?s={search_term_string}"},"query-input":{"@type":"PropertyValueSpecification","valueRequired":true,"valueName":"search_term_string"}}],"inLanguage":"de-DE"},{"@type":"Organization","@id":"https:\/\/www.activemind.legal\/de\/#organization","name":"activeMind.legal","alternateName":"activeMind.legal Rechtsanwaltsgesellschaft mbH","url":"https:\/\/www.activemind.legal\/de\/","logo":{"@type":"ImageObject","inLanguage":"de-DE","@id":"https:\/\/www.activemind.legal\/de\/#\/schema\/logo\/image\/","url":"https:\/\/www.activemind.legal\/wp-content\/uploads\/activeMind-legal_logo.svg","contentUrl":"https:\/\/www.activemind.legal\/wp-content\/uploads\/activeMind-legal_logo.svg","caption":"activeMind.legal"},"image":{"@id":"https:\/\/www.activemind.legal\/de\/#\/schema\/logo\/image\/"}}]}},"_links":{"self":[{"href":"https:\/\/www.activemind.legal\/de\/wp-json\/wp\/v2\/pages\/18696","targetHints":{"allow":["GET"]}}],"collection":[{"href":"https:\/\/www.activemind.legal\/de\/wp-json\/wp\/v2\/pages"}],"about":[{"href":"https:\/\/www.activemind.legal\/de\/wp-json\/wp\/v2\/types\/page"}],"author":[{"embeddable":true,"href":"https:\/\/www.activemind.legal\/de\/wp-json\/wp\/v2\/users\/1"}],"replies":[{"embeddable":true,"href":"https:\/\/www.activemind.legal\/de\/wp-json\/wp\/v2\/comments?post=18696"}],"version-history":[{"count":9,"href":"https:\/\/www.activemind.legal\/de\/wp-json\/wp\/v2\/pages\/18696\/revisions"}],"predecessor-version":[{"id":19097,"href":"https:\/\/www.activemind.legal\/de\/wp-json\/wp\/v2\/pages\/18696\/revisions\/19097"}],"wp:attachment":[{"href":"https:\/\/www.activemind.legal\/de\/wp-json\/wp\/v2\/media?parent=18696"}],"wp:term":[{"taxonomy":"category","embeddable":true,"href":"https:\/\/www.activemind.legal\/de\/wp-json\/wp\/v2\/categories?post=18696"}],"curies":[{"name":"wp","href":"https:\/\/api.w.org\/{rel}","templated":true}]}}