{"id":1143,"date":"2022-07-21T10:34:49","date_gmt":"2022-07-21T09:34:49","guid":{"rendered":"https:\/\/amlegal.rethinkdigital.io\/?page_id=1143"},"modified":"2025-06-18T12:07:41","modified_gmt":"2025-06-18T10:07:41","slug":"impressum","status":"publish","type":"page","link":"https:\/\/www.activemind.legal\/de\/kanzlei\/impressum\/","title":{"rendered":"Impressum"},"content":{"rendered":"\t\t<div data-elementor-type=\"wp-page\" data-elementor-id=\"1143\" class=\"elementor elementor-1143 elementor-1141\" data-elementor-post-type=\"page\">\n\t\t\t\t\t\t<section class=\"elementor-section elementor-top-section elementor-element elementor-element-3a5ed081 elementor-section-content-top elementor-section-boxed elementor-section-height-default elementor-section-height-default\" data-id=\"3a5ed081\" data-element_type=\"section\" data-settings=\"{&quot;background_background&quot;:&quot;gradient&quot;,&quot;shape_divider_bottom&quot;:&quot;waves&quot;}\">\n\t\t\t\t\t\t\t<div class=\"elementor-background-overlay\"><\/div>\n\t\t\t\t\t\t<div class=\"elementor-shape elementor-shape-bottom\" aria-hidden=\"true\" data-negative=\"false\">\n\t\t\t<svg xmlns=\"http:\/\/www.w3.org\/2000\/svg\" viewBox=\"0 0 1000 100\" preserveAspectRatio=\"none\">\n\t<path class=\"elementor-shape-fill\" d=\"M421.9,6.5c22.6-2.5,51.5,0.4,75.5,5.3c23.6,4.9,70.9,23.5,100.5,35.7c75.8,32.2,133.7,44.5,192.6,49.7\n\tc23.6,2.1,48.7,3.5,103.4-2.5c54.7-6,106.2-25.6,106.2-25.6V0H0v30.3c0,0,72,32.6,158.4,30.5c39.2-0.7,92.8-6.7,134-22.4\n\tc21.2-8.1,52.2-18.2,79.7-24.2C399.3,7.9,411.6,7.5,421.9,6.5z\"\/>\n<\/svg>\t\t<\/div>\n\t\t\t\t\t<div class=\"elementor-container elementor-column-gap-extended\">\n\t\t\t\t\t<div class=\"elementor-column elementor-col-100 elementor-top-column elementor-element elementor-element-73facc86\" data-id=\"73facc86\" data-element_type=\"column\">\n\t\t\t<div class=\"elementor-widget-wrap elementor-element-populated\">\n\t\t\t\t\t\t<div class=\"elementor-element elementor-element-49b319e5 elementor-widget__width-auto headline-underline elementor-widget elementor-widget-heading\" data-id=\"49b319e5\" data-element_type=\"widget\" data-widget_type=\"heading.default\">\n\t\t\t\t<div class=\"elementor-widget-container\">\n\t\t\t\t\t<h1 class=\"elementor-heading-title elementor-size-default\">Impressum<\/h1>\t\t\t\t<\/div>\n\t\t\t\t<\/div>\n\t\t\t\t<section class=\"elementor-section elementor-inner-section elementor-element elementor-element-3506a8e5 elementor-section-boxed elementor-section-height-default elementor-section-height-default\" data-id=\"3506a8e5\" data-element_type=\"section\">\n\t\t\t\t\t\t<div class=\"elementor-container elementor-column-gap-no\">\n\t\t\t\t\t<div class=\"elementor-column elementor-col-100 elementor-inner-column elementor-element elementor-element-70d33121\" data-id=\"70d33121\" data-element_type=\"column\">\n\t\t\t<div class=\"elementor-widget-wrap elementor-element-populated\">\n\t\t\t\t\t\t<div class=\"elementor-element elementor-element-500b5ef3 elementor-widget elementor-widget-breadcrumbs\" data-id=\"500b5ef3\" data-element_type=\"widget\" data-widget_type=\"breadcrumbs.default\">\n\t\t\t\t<div class=\"elementor-widget-container\">\n\t\t\t\t\t<p id=\"breadcrumbs\"><span><span><a href=\"https:\/\/www.activemind.legal\/de\/\">Home<\/a><\/span><\/span><\/p>\t\t\t\t<\/div>\n\t\t\t\t<\/div>\n\t\t\t\t\t<\/div>\n\t\t<\/div>\n\t\t\t\t\t<\/div>\n\t\t<\/section>\n\t\t\t\t\t<\/div>\n\t\t<\/div>\n\t\t\t\t\t<\/div>\n\t\t<\/section>\n\t\t\t\t<section class=\"elementor-section elementor-top-section elementor-element elementor-element-57fc0a6d elementor-section-boxed elementor-section-height-default elementor-section-height-default\" data-id=\"57fc0a6d\" data-element_type=\"section\">\n\t\t\t\t\t\t<div class=\"elementor-container elementor-column-gap-default\">\n\t\t\t\t\t<div class=\"elementor-column elementor-col-100 elementor-top-column elementor-element elementor-element-7373eb27\" data-id=\"7373eb27\" data-element_type=\"column\">\n\t\t\t<div class=\"elementor-widget-wrap elementor-element-populated\">\n\t\t\t\t\t\t<div class=\"elementor-element elementor-element-436d3b4d elementor-widget elementor-widget-text-editor\" data-id=\"436d3b4d\" data-element_type=\"widget\" data-widget_type=\"text-editor.default\">\n\t\t\t\t<div class=\"elementor-widget-container\">\n\t\t\t\t\t\t\t\t\t<p>activeMind.legal Rechtsanwaltsgesellschaft m. b. H.<br \/>Potsdamer Stra\u00dfe 3<br \/>80802 M\u00fcnchen<\/p><p>Gesch\u00e4ftsf\u00fchrer: Klaus Foitzick<\/p><p>Telefon: +49 (0)89 \/ 91 92 94 \u2013 900<br \/>E-Mail: foitzick (at) activemind.legal<\/p><p>HRB 185355 Amtsgericht M\u00fcnchen<br \/>USt.ID Nr.: DE271565889<\/p><h3>Rechtsanw\u00e4lte<\/h3><p>Alle als Rechtsanwalt bezeichneten Personen sind in der Bundesrepublik Deutschland als Rechtanwalt zugelassen und Mitglied der f\u00fcr ihre jeweilige Niederlassung zust\u00e4ndigen Rechtsanwaltskammer:<\/p><h4>Rechtsanwaltskammer f\u00fcr den Oberlandesgerichtsbezirk M\u00fcnchen, Tal 33,\u00a0 80331 M\u00fcnchen<\/h4><ul><li>Klaus Foitzick<\/li><li>Haykuhi Gevorgyan<\/li><li>Michael Plankemann<\/li><li>Martin R\u00f6leke<\/li><li>Vasiliki Paschou (Dikigoros)*<\/li><li>Sarah Linke<\/li><\/ul><p><em>* Dikigoros\u00a0ist die griechische Berufsbezeichnung f\u00fcr die in Deutschland unter der Bezeichnung Rechtsanwalt ausge\u00fcbte T\u00e4tigkeit.<\/em><\/p><h4>Rechtsanwaltskammer Berlin, Littenstrasse 9, 10179 Berlin<\/h4><ul><li>David Weihbrecht<\/li><\/ul><p>Berufsrechtliche Regelungen f\u00fcr Rechtsanw\u00e4lte:<\/p><ul><li>Bundesrechtsanwaltsordnung (BRAO),<\/li><li>Berufsordnung (BORA),<\/li><li>Fachanwaltsordnung (FAO),<\/li><li>Gesetz \u00fcber die Verg\u00fctung der Rechtsanw\u00e4ltinnen und Rechtsanw\u00e4lte (RVG)<\/li><li>Berufsregeln der Rechtsanw\u00e4lte der Europ\u00e4ischen Gemeinschaft (CCBE-Berufsregeln)<\/li><li>Gesetz \u00fcber die T\u00e4tigkeit europ\u00e4ischer Rechtsanw\u00e4lte in Deutschland (EuRAG)<\/li><li>Law Implementing the Directives of the European Community pertaining to the professional law regulating the legal profession<\/li><\/ul><p>Sie finden diese Normen auf der Homepage der Bundesrechtsanwaltskammer, Unterseite &#8220;Berufsrecht&#8221;.<\/p><h3>Haftpflichtversicherung<\/h3><p>Die activeMind.legal Rechtsanwaltsgesellschaft m. b. H ist haftpflichtversichert \u00fcber: Gothaer Allgemeine Versicherung AG \u2013 Verm\u00f6gensschaden-Haftpflichtversicherung Arnoldiplatz 1 50969 K\u00f6ln Es besteht weltweiter Versicherungsschutz. F\u00fcr Anspr\u00fcche, die vor Gerichten der USA oder Kanada geltend gemacht werden oder auf der Verletzung des Rechts dieser Staaten beruhen, besteht nur Versicherungsschutz f\u00fcr Verm\u00f6genssch\u00e4den. Dies gilt nicht f\u00fcr Haftpflichtanspr\u00fcche, die wegen folgender betrieblicher Nebenrisiken geltend gemacht werden:<\/p><ul><li>Der Teilnahme an oder der Durchf\u00fchrung von Gesch\u00e4ftsreisen<\/li><li>Der Teilnahme an Messen, Ausstellungen oder Veranstaltungen<\/li><\/ul><h3>Urheberrechtliche Hinweise<\/h3><ul><li>Verantwortlich f\u00fcr die journalistisch-redaktionellen Inhalte ist: Klaus Foitzick, Potsdamer Str. 3, 80802 M\u00fcnchen<\/li><li>Strategieentwicklung und Kommunikation: <a title=\"Digitalagentur rethink digital\" href=\"https:\/\/rethinkdigital.io\/\" target=\"_blank\" rel=\"noopener\">rethink digital<\/a> (auf Basis des <a href=\"https:\/\/fxschmidt.com\/canvas\/\" target=\"_blank\" rel=\"noopener\">Communication Canvas<\/a>)<\/li><li>Logo- und Webdesign: <a title=\"KLEINWERKSTATT Freelance Mediadesign\" href=\"https:\/\/www.kleinwerkstatt.com\/\" target=\"_blank\" rel=\"noopener noreferrer\">KLEINWERKSTATT<\/a><\/li><\/ul><h3>Information nach \u00a7 36 VSBG<\/h3><p>Wir nehmen teil an Streitbeilegungsverfahren vor der Schlichtungsstelle der Rechtsanwaltschaft Rauchstra\u00dfe 26 | 10787 Berlin www.schlichtungsstelle-der-rechtsanwaltschaft.de<\/p>\t\t\t\t\t\t\t\t<\/div>\n\t\t\t\t<\/div>\n\t\t\t\t\t<\/div>\n\t\t<\/div>\n\t\t\t\t\t<\/div>\n\t\t<\/section>\n\t\t\t\t<section class=\"elementor-section elementor-top-section elementor-element elementor-element-842772d elementor-section-boxed elementor-section-height-default elementor-section-height-default\" data-id=\"842772d\" data-element_type=\"section\">\n\t\t\t\t\t\t<div class=\"elementor-container elementor-column-gap-default\">\n\t\t\t\t\t<div class=\"elementor-column elementor-col-100 elementor-top-column elementor-element elementor-element-4b91935\" data-id=\"4b91935\" data-element_type=\"column\">\n\t\t\t<div class=\"elementor-widget-wrap elementor-element-populated\">\n\t\t\t\t\t\t<div class=\"elementor-element elementor-element-952d890 elementor-widget elementor-widget-html\" data-id=\"952d890\" data-element_type=\"widget\" data-widget_type=\"html.default\">\n\t\t\t\t<div class=\"elementor-widget-container\">\n\t\t\t\t\t<script type=\"application\/javascript\">\nvar UC_UI_SUPPRESS_CMP_DISPLAY=true;\n<\/script>\t\t\t\t<\/div>\n\t\t\t\t<\/div>\n\t\t\t\t\t<\/div>\n\t\t<\/div>\n\t\t\t\t\t<\/div>\n\t\t<\/section>\n\t\t\t\t<\/div>\n\t\t","protected":false},"excerpt":{"rendered":"<p>activeMind.legal Rechtsanwaltsgesellschaft m. b. H.Potsdamer Stra\u00dfe 380802 M\u00fcnchen Gesch\u00e4ftsf\u00fchrer: Klaus Foitzick Telefon: +49 (0)89 \/ 91 92 94 \u2013 900E-Mail: foitzick (at) activemind.legal HRB 185355 Amtsgericht M\u00fcnchenUSt.ID Nr.: DE271565889 Rechtsanw\u00e4lte Alle als Rechtsanwalt bezeichneten Personen sind in der Bundesrepublik Deutschland als Rechtanwalt zugelassen und Mitglied der f\u00fcr ihre jeweilige Niederlassung zust\u00e4ndigen Rechtsanwaltskammer: Rechtsanwaltskammer f\u00fcr den [&hellip;]<\/p>\n","protected":false},"author":1,"featured_media":0,"parent":1126,"menu_order":0,"comment_status":"closed","ping_status":"closed","template":"","meta":{"_acf_changed":false,"footnotes":""},"categories":[],"class_list":["post-1143","page","type-page","status-publish","hentry"],"acf":[],"yoast_head":"<!-- This site is optimized with the Yoast SEO plugin v27.3 - https:\/\/yoast.com\/product\/yoast-seo-wordpress\/ -->\n<title>Impressum | activeMind.legal<\/title>\n<meta name=\"robots\" content=\"noindex, follow\" \/>\n<meta property=\"og:locale\" content=\"de_DE\" \/>\n<meta property=\"og:type\" content=\"article\" \/>\n<meta property=\"og:title\" content=\"Impressum | activeMind.legal\" \/>\n<meta property=\"og:description\" content=\"activeMind.legal Rechtsanwaltsgesellschaft m. b. H.Potsdamer Stra\u00dfe 380802 M\u00fcnchen Gesch\u00e4ftsf\u00fchrer: Klaus Foitzick Telefon: +49 (0)89 \/ 91 92 94 \u2013 900E-Mail: foitzick (at) activemind.legal HRB 185355 Amtsgericht M\u00fcnchenUSt.ID Nr.: DE271565889 Rechtsanw\u00e4lte Alle als Rechtsanwalt bezeichneten Personen sind in der Bundesrepublik Deutschland als Rechtanwalt zugelassen und Mitglied der f\u00fcr ihre jeweilige Niederlassung zust\u00e4ndigen Rechtsanwaltskammer: Rechtsanwaltskammer f\u00fcr den [&hellip;]\" \/>\n<meta property=\"og:url\" content=\"https:\/\/www.activemind.legal\/de\/kanzlei\/impressum\/\" \/>\n<meta property=\"og:site_name\" content=\"activeMind.legal\" \/>\n<meta property=\"article:modified_time\" content=\"2025-06-18T10:07:41+00:00\" \/>\n<meta name=\"twitter:card\" content=\"summary_large_image\" \/>\n<meta name=\"twitter:label1\" content=\"Est. reading time\" \/>\n\t<meta name=\"twitter:data1\" content=\"2 minutes\" \/>\n<script type=\"application\/ld+json\" class=\"yoast-schema-graph\">{\"@context\":\"https:\\\/\\\/schema.org\",\"@graph\":[{\"@type\":\"WebPage\",\"@id\":\"https:\\\/\\\/www.activemind.legal\\\/de\\\/kanzlei\\\/impressum\\\/\",\"url\":\"https:\\\/\\\/www.activemind.legal\\\/de\\\/kanzlei\\\/impressum\\\/\",\"name\":\"Impressum | activeMind.legal\",\"isPartOf\":{\"@id\":\"https:\\\/\\\/www.activemind.legal\\\/de\\\/#website\"},\"datePublished\":\"2022-07-21T09:34:49+00:00\",\"dateModified\":\"2025-06-18T10:07:41+00:00\",\"breadcrumb\":{\"@id\":\"https:\\\/\\\/www.activemind.legal\\\/de\\\/kanzlei\\\/impressum\\\/#breadcrumb\"},\"inLanguage\":\"de-DE\",\"potentialAction\":[{\"@type\":\"ReadAction\",\"target\":[\"https:\\\/\\\/www.activemind.legal\\\/de\\\/kanzlei\\\/impressum\\\/\"]}]},{\"@type\":\"BreadcrumbList\",\"@id\":\"https:\\\/\\\/www.activemind.legal\\\/de\\\/kanzlei\\\/impressum\\\/#breadcrumb\",\"itemListElement\":[{\"@type\":\"ListItem\",\"position\":1,\"name\":\"Home\",\"item\":\"https:\\\/\\\/www.activemind.legal\\\/de\\\/\"},{\"@type\":\"ListItem\",\"position\":2,\"name\":\"\u00dcber uns\",\"item\":\"https:\\\/\\\/www.activemind.legal\\\/de\\\/kanzlei\\\/\"},{\"@type\":\"ListItem\",\"position\":3,\"name\":\"Impressum\"}]},{\"@type\":\"WebSite\",\"@id\":\"https:\\\/\\\/www.activemind.legal\\\/de\\\/#website\",\"url\":\"https:\\\/\\\/www.activemind.legal\\\/de\\\/\",\"name\":\"activeMind.legal\",\"description\":\"\",\"publisher\":{\"@id\":\"https:\\\/\\\/www.activemind.legal\\\/de\\\/#organization\"},\"potentialAction\":[{\"@type\":\"SearchAction\",\"target\":{\"@type\":\"EntryPoint\",\"urlTemplate\":\"https:\\\/\\\/www.activemind.legal\\\/de\\\/?s={search_term_string}\"},\"query-input\":{\"@type\":\"PropertyValueSpecification\",\"valueRequired\":true,\"valueName\":\"search_term_string\"}}],\"inLanguage\":\"de-DE\"},{\"@type\":\"Organization\",\"@id\":\"https:\\\/\\\/www.activemind.legal\\\/de\\\/#organization\",\"name\":\"activeMind.legal\",\"alternateName\":\"activeMind.legal Rechtsanwaltsgesellschaft mbH\",\"url\":\"https:\\\/\\\/www.activemind.legal\\\/de\\\/\",\"logo\":{\"@type\":\"ImageObject\",\"inLanguage\":\"de-DE\",\"@id\":\"https:\\\/\\\/www.activemind.legal\\\/de\\\/#\\\/schema\\\/logo\\\/image\\\/\",\"url\":\"https:\\\/\\\/www.activemind.legal\\\/wp-content\\\/uploads\\\/activeMind-legal_logo.svg\",\"contentUrl\":\"https:\\\/\\\/www.activemind.legal\\\/wp-content\\\/uploads\\\/activeMind-legal_logo.svg\",\"caption\":\"activeMind.legal\"},\"image\":{\"@id\":\"https:\\\/\\\/www.activemind.legal\\\/de\\\/#\\\/schema\\\/logo\\\/image\\\/\"}}]}<\/script>\n<!-- \/ Yoast SEO plugin. -->","yoast_head_json":{"title":"Impressum | activeMind.legal","robots":{"index":"noindex","follow":"follow"},"og_locale":"de_DE","og_type":"article","og_title":"Impressum | activeMind.legal","og_description":"activeMind.legal Rechtsanwaltsgesellschaft m. b. H.Potsdamer Stra\u00dfe 380802 M\u00fcnchen Gesch\u00e4ftsf\u00fchrer: Klaus Foitzick Telefon: +49 (0)89 \/ 91 92 94 \u2013 900E-Mail: foitzick (at) activemind.legal HRB 185355 Amtsgericht M\u00fcnchenUSt.ID Nr.: DE271565889 Rechtsanw\u00e4lte Alle als Rechtsanwalt bezeichneten Personen sind in der Bundesrepublik Deutschland als Rechtanwalt zugelassen und Mitglied der f\u00fcr ihre jeweilige Niederlassung zust\u00e4ndigen Rechtsanwaltskammer: Rechtsanwaltskammer f\u00fcr den [&hellip;]","og_url":"https:\/\/www.activemind.legal\/de\/kanzlei\/impressum\/","og_site_name":"activeMind.legal","article_modified_time":"2025-06-18T10:07:41+00:00","twitter_card":"summary_large_image","twitter_misc":{"Est. reading time":"2 minutes"},"schema":{"@context":"https:\/\/schema.org","@graph":[{"@type":"WebPage","@id":"https:\/\/www.activemind.legal\/de\/kanzlei\/impressum\/","url":"https:\/\/www.activemind.legal\/de\/kanzlei\/impressum\/","name":"Impressum | activeMind.legal","isPartOf":{"@id":"https:\/\/www.activemind.legal\/de\/#website"},"datePublished":"2022-07-21T09:34:49+00:00","dateModified":"2025-06-18T10:07:41+00:00","breadcrumb":{"@id":"https:\/\/www.activemind.legal\/de\/kanzlei\/impressum\/#breadcrumb"},"inLanguage":"de-DE","potentialAction":[{"@type":"ReadAction","target":["https:\/\/www.activemind.legal\/de\/kanzlei\/impressum\/"]}]},{"@type":"BreadcrumbList","@id":"https:\/\/www.activemind.legal\/de\/kanzlei\/impressum\/#breadcrumb","itemListElement":[{"@type":"ListItem","position":1,"name":"Home","item":"https:\/\/www.activemind.legal\/de\/"},{"@type":"ListItem","position":2,"name":"\u00dcber uns","item":"https:\/\/www.activemind.legal\/de\/kanzlei\/"},{"@type":"ListItem","position":3,"name":"Impressum"}]},{"@type":"WebSite","@id":"https:\/\/www.activemind.legal\/de\/#website","url":"https:\/\/www.activemind.legal\/de\/","name":"activeMind.legal","description":"","publisher":{"@id":"https:\/\/www.activemind.legal\/de\/#organization"},"potentialAction":[{"@type":"SearchAction","target":{"@type":"EntryPoint","urlTemplate":"https:\/\/www.activemind.legal\/de\/?s={search_term_string}"},"query-input":{"@type":"PropertyValueSpecification","valueRequired":true,"valueName":"search_term_string"}}],"inLanguage":"de-DE"},{"@type":"Organization","@id":"https:\/\/www.activemind.legal\/de\/#organization","name":"activeMind.legal","alternateName":"activeMind.legal Rechtsanwaltsgesellschaft mbH","url":"https:\/\/www.activemind.legal\/de\/","logo":{"@type":"ImageObject","inLanguage":"de-DE","@id":"https:\/\/www.activemind.legal\/de\/#\/schema\/logo\/image\/","url":"https:\/\/www.activemind.legal\/wp-content\/uploads\/activeMind-legal_logo.svg","contentUrl":"https:\/\/www.activemind.legal\/wp-content\/uploads\/activeMind-legal_logo.svg","caption":"activeMind.legal"},"image":{"@id":"https:\/\/www.activemind.legal\/de\/#\/schema\/logo\/image\/"}}]}},"_links":{"self":[{"href":"https:\/\/www.activemind.legal\/de\/wp-json\/wp\/v2\/pages\/1143","targetHints":{"allow":["GET"]}}],"collection":[{"href":"https:\/\/www.activemind.legal\/de\/wp-json\/wp\/v2\/pages"}],"about":[{"href":"https:\/\/www.activemind.legal\/de\/wp-json\/wp\/v2\/types\/page"}],"author":[{"embeddable":true,"href":"https:\/\/www.activemind.legal\/de\/wp-json\/wp\/v2\/users\/1"}],"replies":[{"embeddable":true,"href":"https:\/\/www.activemind.legal\/de\/wp-json\/wp\/v2\/comments?post=1143"}],"version-history":[{"count":55,"href":"https:\/\/www.activemind.legal\/de\/wp-json\/wp\/v2\/pages\/1143\/revisions"}],"predecessor-version":[{"id":22384,"href":"https:\/\/www.activemind.legal\/de\/wp-json\/wp\/v2\/pages\/1143\/revisions\/22384"}],"up":[{"embeddable":true,"href":"https:\/\/www.activemind.legal\/de\/wp-json\/wp\/v2\/pages\/1126"}],"wp:attachment":[{"href":"https:\/\/www.activemind.legal\/de\/wp-json\/wp\/v2\/media?parent=1143"}],"wp:term":[{"taxonomy":"category","embeddable":true,"href":"https:\/\/www.activemind.legal\/de\/wp-json\/wp\/v2\/categories?post=1143"}],"curies":[{"name":"wp","href":"https:\/\/api.w.org\/{rel}","templated":true}]}}