{"id":1079,"date":"2022-07-21T09:10:39","date_gmt":"2022-07-21T08:10:39","guid":{"rendered":"https:\/\/amlegal.rethinkdigital.io\/?page_id=1079"},"modified":"2025-01-26T19:29:43","modified_gmt":"2025-01-26T18:29:43","slug":"tdddg","status":"publish","type":"page","link":"https:\/\/www.activemind.legal\/de\/gesetze\/tdddg\/","title":{"rendered":"Telekommunikation-Digitale-Dienste-Datenschutz-Gesetz (TDDDG)"},"content":{"rendered":"\t\t<div data-elementor-type=\"wp-page\" data-elementor-id=\"1079\" class=\"elementor elementor-1079\" data-elementor-post-type=\"page\">\n\t\t\t\t\t\t<section class=\"elementor-section elementor-top-section elementor-element elementor-element-e7d517c elementor-section-content-top elementor-section-boxed elementor-section-height-default elementor-section-height-default\" data-id=\"e7d517c\" data-element_type=\"section\" data-settings=\"{&quot;background_background&quot;:&quot;gradient&quot;,&quot;shape_divider_bottom&quot;:&quot;waves&quot;}\">\n\t\t\t\t\t\t\t<div class=\"elementor-background-overlay\"><\/div>\n\t\t\t\t\t\t<div class=\"elementor-shape elementor-shape-bottom\" aria-hidden=\"true\" data-negative=\"false\">\n\t\t\t<svg xmlns=\"http:\/\/www.w3.org\/2000\/svg\" viewBox=\"0 0 1000 100\" preserveAspectRatio=\"none\">\n\t<path class=\"elementor-shape-fill\" d=\"M421.9,6.5c22.6-2.5,51.5,0.4,75.5,5.3c23.6,4.9,70.9,23.5,100.5,35.7c75.8,32.2,133.7,44.5,192.6,49.7\n\tc23.6,2.1,48.7,3.5,103.4-2.5c54.7-6,106.2-25.6,106.2-25.6V0H0v30.3c0,0,72,32.6,158.4,30.5c39.2-0.7,92.8-6.7,134-22.4\n\tc21.2-8.1,52.2-18.2,79.7-24.2C399.3,7.9,411.6,7.5,421.9,6.5z\"\/>\n<\/svg>\t\t<\/div>\n\t\t\t\t\t<div class=\"elementor-container elementor-column-gap-extended\">\n\t\t\t\t\t<div class=\"elementor-column elementor-col-100 elementor-top-column elementor-element elementor-element-353a68e\" data-id=\"353a68e\" data-element_type=\"column\">\n\t\t\t<div class=\"elementor-widget-wrap elementor-element-populated\">\n\t\t\t\t\t\t<section class=\"elementor-section elementor-inner-section elementor-element elementor-element-b9f099a elementor-section-boxed elementor-section-height-default elementor-section-height-default\" data-id=\"b9f099a\" data-element_type=\"section\">\n\t\t\t\t\t\t<div class=\"elementor-container elementor-column-gap-no\">\n\t\t\t\t\t<div class=\"elementor-column elementor-col-100 elementor-inner-column elementor-element elementor-element-7429c4e\" data-id=\"7429c4e\" data-element_type=\"column\">\n\t\t\t<div class=\"elementor-widget-wrap elementor-element-populated\">\n\t\t\t\t\t\t<div class=\"elementor-element elementor-element-873e371 elementor-widget__width-auto elementor-widget elementor-widget-breadcrumbs\" data-id=\"873e371\" data-element_type=\"widget\" data-widget_type=\"breadcrumbs.default\">\n\t\t\t\t<div class=\"elementor-widget-container\">\n\t\t\t\t\t<p id=\"breadcrumbs\"><span><span><a href=\"https:\/\/www.activemind.legal\/de\/\">Home<\/a><\/span><\/span><\/p>\t\t\t\t<\/div>\n\t\t\t\t<\/div>\n\t\t\t\t\t<\/div>\n\t\t<\/div>\n\t\t\t\t\t<\/div>\n\t\t<\/section>\n\t\t\t\t<div class=\"elementor-element elementor-element-d02120f elementor-widget__width-auto headline-underline elementor-widget elementor-widget-heading\" data-id=\"d02120f\" data-element_type=\"widget\" data-widget_type=\"heading.default\">\n\t\t\t\t<div class=\"elementor-widget-container\">\n\t\t\t\t\t<h1 class=\"elementor-heading-title elementor-size-default\">Telekommunikation-Digitale-Dienste-Datenschutz-Gesetz (TDDDG)<\/h1>\t\t\t\t<\/div>\n\t\t\t\t<\/div>\n\t\t\t\t<div class=\"elementor-element elementor-element-c278054 elementor-widget elementor-widget-text-editor\" data-id=\"c278054\" data-element_type=\"widget\" data-widget_type=\"text-editor.default\">\n\t\t\t\t<div class=\"elementor-widget-container\">\n\t\t\t\t\t\t\t\t\t<p>\u00dcbersichtliche Darstellung des Gesetzes \u00fcber den Datenschutz und den Schutz der Privatsph\u00e4re in der Telekommunikation und bei digitalen Diensten (Telekommunikation-Digitale-Dienste-Datenschutz-Gesetz &#8211; TDDDG). <\/p><p>Das TDDDG trat urspr\u00fcnglich als Gesetz \u00fcber den Datenschutz und den Schutz der Privatsph\u00e4re in der Telekommunikation und bei Telemedien (Telekommunikation-Telemedien-Datenschutz-Gesetz \u2013 TTDSG) am 1. Dezember 2021 in Kraft.<\/p>\t\t\t\t\t\t\t\t<\/div>\n\t\t\t\t<\/div>\n\t\t\t\t\t<\/div>\n\t\t<\/div>\n\t\t\t\t\t<\/div>\n\t\t<\/section>\n\t\t\t\t<section class=\"elementor-section elementor-top-section elementor-element elementor-element-2111d1e elementor-section-boxed elementor-section-height-default elementor-section-height-default\" data-id=\"2111d1e\" data-element_type=\"section\">\n\t\t\t\t\t\t<div class=\"elementor-container elementor-column-gap-default\">\n\t\t\t\t\t<div class=\"elementor-column elementor-col-100 elementor-top-column elementor-element elementor-element-2faf9a0\" data-id=\"2faf9a0\" data-element_type=\"column\">\n\t\t\t<div class=\"elementor-widget-wrap elementor-element-populated\">\n\t\t\t\t\t\t<div class=\"elementor-element elementor-element-c33bd3e elementor-widget elementor-widget-text-editor\" data-id=\"c33bd3e\" data-element_type=\"widget\" data-widget_type=\"text-editor.default\">\n\t\t\t\t<div class=\"elementor-widget-container\">\n\t\t\t\t\t\t\t\t\t<h2>Schnelleinstieg<\/h2>\t\t\t\t\t\t\t\t<\/div>\n\t\t\t\t<\/div>\n\t\t\t\t\t<\/div>\n\t\t<\/div>\n\t\t\t\t\t<\/div>\n\t\t<\/section>\n\t\t\t\t<section class=\"elementor-section elementor-top-section elementor-element elementor-element-c296d40 elementor-section-boxed elementor-section-height-default elementor-section-height-default\" data-id=\"c296d40\" data-element_type=\"section\">\n\t\t\t\t\t\t<div class=\"elementor-container elementor-column-gap-default\">\n\t\t\t\t\t<div class=\"elementor-column elementor-col-100 elementor-top-column elementor-element elementor-element-0e3070d\" data-id=\"0e3070d\" data-element_type=\"column\">\n\t\t\t<div class=\"elementor-widget-wrap elementor-element-populated\">\n\t\t\t\t\t\t<section class=\"elementor-section elementor-inner-section elementor-element elementor-element-4836f9e elementor-section-boxed elementor-section-height-default elementor-section-height-default\" data-id=\"4836f9e\" data-element_type=\"section\">\n\t\t\t\t\t\t<div class=\"elementor-container elementor-column-gap-default\">\n\t\t\t\t\t<div class=\"elementor-column elementor-col-50 elementor-inner-column elementor-element elementor-element-50229fe\" data-id=\"50229fe\" data-element_type=\"column\">\n\t\t\t<div class=\"elementor-widget-wrap elementor-element-populated\">\n\t\t\t\t\t\t<div class=\"elementor-element elementor-element-894610d elementor-widget elementor-widget-html\" data-id=\"894610d\" data-element_type=\"widget\" data-widget_type=\"html.default\">\n\t\t\t\t<div class=\"elementor-widget-container\">\n\t\t\t\t\t<table>\n<tbody>\n<tr>\n<th scope=\"col\" colspan=\"3\" >Teil 1 - Allgemeine Vorschriften<\/th>\n<\/tr>\n<tr>\n<th scope=\"row\"><\/th>\n<td><\/td>\n<td><a href=\"\/de\/gesetze\/tdddg\/paragraf-1\/\">1<\/a> \n<a href=\"\/de\/gesetze\/tdddg\/paragraf-2\/\">2<\/a><\/td>\n<\/tr>\n<tr>\n<th scope=\"col\" colspan=\"3\" >Teil 2 \u2013 Datenschutz und Schutz der Privatsph\u00e4re in der Telekommunikation<\/th>\n<\/tr>\n<tr>\n<th scope=\"row\">Kapitel 1<\/th>\n<td>-<\/td>\n<td><a href=\"\/de\/gesetze\/tdddg\/paragraf-3\/\">3<\/a>\n<a href=\"\/de\/gesetze\/tdddg\/paragraf-4\/\">4<\/a>\n<a href=\"\/de\/gesetze\/tdddg\/paragraf-5\/\">5<\/a>\n<a href=\"\/de\/gesetze\/tdddg\/paragraf-6\/\">6<\/a>\n<a href=\"\/de\/gesetze\/tdddg\/paragraf-7\/\">7<\/a>\n<a href=\"\/de\/gesetze\/tdddg\/paragraf-8\/\">8<\/a>\n<\/td>\n<\/tr>\n<tr>\n<th scope=\"row\">Kapitel 2<\/th>\n<td>-<\/td>\n<td>\n<a href=\"\/de\/gesetze\/tdddg\/paragraf-9\/\">9<\/a>\n<a href=\"\/de\/gesetze\/tdddg\/paragraf-10\/\">10<\/a>\n<a href=\"\/de\/gesetze\/tdddg\/paragraf-11\/\">11<\/a>\n<a href=\"\/de\/gesetze\/tdddg\/paragraf-12\/\">12<\/a>\n<a href=\"\/de\/gesetze\/tdddg\/paragraf-13\/\">13<\/a>\n<\/td>\n<\/tr>\n<tr>\n<th scope=\"row\">Kapitel 3<\/th>\n<td>-<\/td>\n<td>\n<a href=\"\/de\/gesetze\/tdddg\/paragraf-14\/\">14<\/a>\n<a href=\"\/de\/gesetze\/tdddg\/paragraf-15\/\">15<\/a>\n<a href=\"\/de\/gesetze\/tdddg\/paragraf-16\/\">16<\/a>\n<\/td>\n<\/tr>\n<tr>\n<th scope=\"row\">Kapitel 4<\/th>\n<td>-<\/td>\n<td>\n<a href=\"\/de\/gesetze\/tdddg\/paragraf-17\/\">17<\/a>\n<a href=\"\/de\/gesetze\/tdddg\/paragraf-18\/\">18<\/a>\n<\/td>\n<\/tr>\n<\/tbody>\n<\/table>\t\t\t\t<\/div>\n\t\t\t\t<\/div>\n\t\t\t\t\t<\/div>\n\t\t<\/div>\n\t\t\t\t<div class=\"elementor-column elementor-col-50 elementor-inner-column elementor-element elementor-element-144daea\" data-id=\"144daea\" data-element_type=\"column\">\n\t\t\t<div class=\"elementor-widget-wrap elementor-element-populated\">\n\t\t\t\t\t\t<div class=\"elementor-element elementor-element-d349dcc elementor-widget elementor-widget-html\" data-id=\"d349dcc\" data-element_type=\"widget\" data-widget_type=\"html.default\">\n\t\t\t\t<div class=\"elementor-widget-container\">\n\t\t\t\t\t<table>\n<tbody>\n<tr>\n<th scope=\"col\" colspan=\"3\" >Teil 3 - Telemediendatenschutz, Endeinrichtungen <\/th>\n<\/tr>\n<tr>\n<th scope=\"row\">Kapitel 1<\/th>\n<td>-<\/td>\n<td>\n<a href=\"\/de\/gesetze\/tdddg\/paragraf-19\/\">19<\/a>\n<a href=\"\/de\/gesetze\/tdddg\/paragraf-20\/\">20<\/a>\n<a href=\"\/de\/gesetze\/tdddg\/paragraf-20\/\">21<\/a>\n<a href=\"\/de\/gesetze\/tdddg\/paragraf-22\/\">22<\/a>\n<a href=\"\/de\/gesetze\/tdddg\/paragraf-23\/\">23<\/a>\n<a href=\"\/de\/gesetze\/tdddg\/paragraf-24\/\">24<\/a>\n<\/td>\n<\/tr>\n<tr>\n<th scope=\"row\">Kapitel 2<\/th>\n<td>-<\/td>\n<td>\n<a href=\"\/de\/gesetze\/tdddg\/paragraf-25\/\">25<\/a>\n<a href=\"\/de\/gesetze\/tdddg\/paragraf-26\/\">26<\/a>\n<\/td>\n<\/tr>\n<tr>\n<th scope=\"col\" colspan=\"3\" >Teil 4 - Straf- und Bu\u00dfgeldvorschriften und Aufsicht<\/th>\n<\/tr>\n<tr>\n<tr>\n<th scope=\"row\"><\/th>\n<td><\/td>\n<td>\n<a href=\"\/de\/gesetze\/tdddg\/paragraf-27\/\">27<\/a>\n<a href=\"\/de\/gesetze\/tdddg\/paragraf-28\/\">28<\/a>\n<a href=\"\/de\/gesetze\/tdddg\/paragraf-29\/\">29<\/a>\n<a href=\"\/de\/gesetze\/tdddg\/paragraf-30\/\">30<\/a>\n<\/td>\n<\/tr>\n<\/tbody>\n<\/table>\t\t\t\t<\/div>\n\t\t\t\t<\/div>\n\t\t\t\t\t<\/div>\n\t\t<\/div>\n\t\t\t\t\t<\/div>\n\t\t<\/section>\n\t\t\t\t\t<\/div>\n\t\t<\/div>\n\t\t\t\t\t<\/div>\n\t\t<\/section>\n\t\t\t\t<section class=\"elementor-section elementor-top-section elementor-element elementor-element-b382dbd elementor-section-boxed elementor-section-height-default elementor-section-height-default\" data-id=\"b382dbd\" data-element_type=\"section\">\n\t\t\t\t\t\t<div class=\"elementor-container elementor-column-gap-default\">\n\t\t\t\t\t<div class=\"elementor-column elementor-col-100 elementor-top-column elementor-element elementor-element-0e6d38c\" data-id=\"0e6d38c\" data-element_type=\"column\">\n\t\t\t<div class=\"elementor-widget-wrap elementor-element-populated\">\n\t\t\t\t\t\t<div class=\"elementor-element elementor-element-44187a2 elementor-widget elementor-widget-text-editor\" data-id=\"44187a2\" data-element_type=\"widget\" data-widget_type=\"text-editor.default\">\n\t\t\t\t<div class=\"elementor-widget-container\">\n\t\t\t\t\t\t\t\t\t<h2>Volltext des TDDDG<\/h2><p>Dieses Gesetz dient der Umsetzung der Richtlinie 2002\/58\/EG des Europ\u00e4ischen Parlaments und des Rates vom 12.\u00a0Juli\u00a02002 \u00fcber die Verarbeitung personenbezogener Daten und den Schutz der Privatsph\u00e4re in der elektronischen Kommunikation (Datenschutzrichtlinie f\u00fcr elektronische Kommunikation) (ABl. L 201 vom 31.7.2002, S.\u00a037), die durch Artikel\u00a02 der Richtlinie 2009\/136\/EG des Europ\u00e4ischen Parlaments und des Rates vom 25.\u00a0November\u00a02009 (ABl. L 337 vom 18.12.2009, S.\u00a011) ge\u00e4ndert worden ist.<\/p><h2>Teil 1 &#8211; Allgemeine Vorschriften<\/h2><ul><li><a href=\"https:\/\/www.activemind.legal\/de\/gesetze\/tdddg\/paragraf-1\/\">\u00a7 1 Anwendungsbereich des Gesetzes<\/a><\/li><li><a href=\"https:\/\/www.activemind.legal\/de\/gesetze\/tdddg\/paragraf-2\/\">\u00a7 2 Begriffsbestimmungen<\/a><\/li><\/ul><h2>Teil 2 &#8211; Datenschutz und Schutz der Privatsph\u00e4re in der Telekommunikation<\/h2><h3>Kapitel 1 &#8211; Vertraulichkeit der Kommunikation<\/h3><ul><li><a href=\"\/de\/gesetze\/tdddg\/paragraf-3\/\">\u00a7 3 Vertraulichkeit der Kommunikation &#8211; Fernmeldegeheimnis<\/a><\/li><li><a href=\"\/de\/gesetze\/tdddg\/paragraf-4\/\">\u00a7 4 Rechte des Erben des Endnutzers und anderer berechtigter Personen<\/a><\/li><li><a href=\"\/de\/gesetze\/tdddg\/paragraf-5\/\">\u00a7 5 Abh\u00f6rverbot, Geheimhaltungspflicht der Betreiber von Funkanlagen<\/a><\/li><li><a href=\"\/de\/gesetze\/tdddg\/paragraf-6\/\">\u00a7 6 Nachrichten\u00fcbermittlung mit Zwischenspeicherung<\/a><\/li><li><a href=\"\/de\/gesetze\/tdddg\/paragraf-7\/\">\u00a7 7 Verlangen eines amtlichen Ausweises<\/a><\/li><li><a href=\"\/de\/gesetze\/tdddg\/paragraf-8\/\">\u00a7 8 Missbrauch von Telekommunikationsanlagen<\/a><\/li><\/ul><h3>Kapitel 2 &#8211; Verkehrsdaten, Standortdaten<\/h3><ul><li><a href=\"\/de\/gesetze\/tdddg\/paragraf-9\/\">\u00a7 9 Verarbeitung von Verkehrsdaten<\/a><\/li><li><a href=\"\/de\/gesetze\/tdddg\/paragraf-10\/\">\u00a7 10 Entgeltermittlung und Entgeltabrechnung<\/a><\/li><li><a href=\"\/de\/gesetze\/tdddg\/paragraf-11\/\">\u00a7 11 Einzelverbindungsnachweis<\/a><\/li><li><a href=\"\/de\/gesetze\/tdddg\/paragraf-12\/\">\u00a7 12 St\u00f6rungen von Telekommunikationsanlagen und Missbrauch von Telekommunikationsdiensten<\/a><\/li><li><a href=\"\/de\/gesetze\/tdddg\/paragraf-13\/\">\u00a7 13 Standortdaten<\/a><\/li><\/ul><h3>Kapitel 3 &#8211; Mitteilen ankommender Verbindungen, Rufnummernanzeige und -unterdr\u00fcckung, automatische Anrufweiterschaltung<\/h3><ul><li><a href=\"\/de\/gesetze\/tdddg\/paragraf-14\/\">\u00a7 14 Mitteilen ankommender Verbindungen<\/a><\/li><li><a href=\"\/de\/gesetze\/tdddg\/paragraf-15\/\">\u00a7 15 Rufnummernanzeige und -unterdr\u00fcckung<\/a><\/li><li><a href=\"\/de\/gesetze\/tdddg\/paragraf-16\/\">\u00a7 16 Automatische Anrufweiterschaltung<\/a><\/li><\/ul><h3>Kapitel 4 &#8211; Endnutzerverzeichnisse, Bereitstellen von Endnutzerdaten<\/h3><ul><li><a href=\"\/de\/gesetze\/tdddg\/paragraf-17\/\">\u00a7 17 Endnutzerverzeichnisse<\/a><\/li><li><a href=\"\/de\/gesetze\/tdddg\/paragraf-18\/\">\u00a7 18 Bereitstellen von Endnutzerdaten<\/a><\/li><\/ul><h2>Teil 3 &#8211; Telemediendatenschutz, Endeinrichtungen<\/h2><h3>Kapitel 1 &#8211; Technische und organisatorische Vorkehrungen, Verarbeitung von Daten zum Zweck des Jugendschutzes und zur Auskunftserteilung<\/h3><ul><li><a href=\"\/de\/gesetze\/tdddg\/paragraf-19\/\">\u00a7 19 Technische und organisatorische Vorkehrungen<\/a><\/li><li><a href=\"\/de\/gesetze\/tdddg\/paragraf-20\/\">\u00a7 20 Verarbeitung personenbezogener Daten Minderj\u00e4hriger<\/a><\/li><li><a href=\"\/de\/gesetze\/tdddg\/paragraf-20\/\">\u00a7 21 Bestandsdaten<\/a><\/li><li><a href=\"\/de\/gesetze\/tdddg\/paragraf-22\/\">\u00a7 22 Auskunftsverfahren bei Bestandsdaten<\/a><\/li><li><a href=\"\/de\/gesetze\/tdddg\/paragraf-23\/\">\u00a7 23 Auskunftsverfahren bei Passw\u00f6rtern und anderen Zugangsdaten<\/a><\/li><li><a href=\"\/de\/gesetze\/tdddg\/paragraf-24\/\">\u00a7 24 Auskunftsverfahren bei Nutzungsdaten<\/a><\/li><\/ul><h3>Kapitel 2 &#8211; Endeinrichtungen<\/h3><ul><li><a href=\"\/de\/gesetze\/tdddg\/paragraf-25\/\">\u00a7 25 Schutz der Privatsph\u00e4re bei Endeinrichtungen<\/a><\/li><li><a href=\"\/de\/gesetze\/tdddg\/paragraf-26\/\">\u00a7 26 Anerkannte Dienste zur Einwilligungsverwaltung, Endnutzereinstellungen<\/a><\/li><\/ul><h2>Teil 4 &#8211; Straf- und Bu\u00dfgeldvorschriften und Aufsicht<\/h2><ul><li><a href=\"\/de\/gesetze\/tdddg\/paragraf-27\/\">\u00a7 27 Strafvorschriften<\/a><\/li><li><a href=\"\/de\/gesetze\/tdddg\/paragraf-28\/\">\u00a7 28 Bu\u00dfgeldvorschriften<\/a><\/li><li><a href=\"\/de\/gesetze\/tdddg\/paragraf-29\/\">\u00a7 29 Zust\u00e4ndigkeit, Aufgaben und Befugnisse der oder des Bundesbeauftragten f\u00fcr den Datenschutz und die Informationsfreiheit<\/a><\/li><li><a href=\"\/de\/gesetze\/tdddg\/paragraf-30\/\">\u00a7 30 Zust\u00e4ndigkeit, Aufgaben und Befugnisse der Bundesnetzagentur<\/a><\/li><\/ul>\t\t\t\t\t\t\t\t<\/div>\n\t\t\t\t<\/div>\n\t\t\t\t\t<\/div>\n\t\t<\/div>\n\t\t\t\t\t<\/div>\n\t\t<\/section>\n\t\t\t\t<\/div>\n\t\t","protected":false},"excerpt":{"rendered":"<p>\u00dcbersichtliche Darstellung des Gesetzes \u00fcber den Datenschutz und den Schutz der Privatsph\u00e4re in der Telekommunikation und bei digitalen Diensten (Telekommunikation-Digitale-Dienste-Datenschutz-Gesetz &#8211; TDDDG). Das TDDDG trat urspr\u00fcnglich als Gesetz \u00fcber den Datenschutz und den Schutz der Privatsph\u00e4re in der Telekommunikation und bei Telemedien (Telekommunikation-Telemedien-Datenschutz-Gesetz \u2013 TTDSG) am 1. Dezember 2021 in Kraft. Schnelleinstieg Teil 1 &#8211; [&hellip;]<\/p>\n","protected":false},"author":1,"featured_media":0,"parent":589,"menu_order":0,"comment_status":"closed","ping_status":"closed","template":"","meta":{"_acf_changed":false,"footnotes":""},"categories":[],"class_list":["post-1079","page","type-page","status-publish","hentry"],"acf":[],"yoast_head":"<!-- This site is optimized with the Yoast SEO plugin v27.3 - https:\/\/yoast.com\/product\/yoast-seo-wordpress\/ -->\n<title>Telekommunikation-Digitale-Dienste-Datenschutz-Gesetz (TDDDG) | activeMind.legal<\/title>\n<meta name=\"robots\" content=\"index, follow, max-snippet:-1, max-image-preview:large, max-video-preview:-1\" \/>\n<link rel=\"canonical\" href=\"https:\/\/www.activemind.legal\/de\/gesetze\/tdddg\/\" \/>\n<meta property=\"og:locale\" content=\"de_DE\" \/>\n<meta property=\"og:type\" content=\"article\" \/>\n<meta property=\"og:title\" content=\"Telekommunikation-Digitale-Dienste-Datenschutz-Gesetz (TDDDG) | activeMind.legal\" \/>\n<meta property=\"og:description\" content=\"\u00dcbersichtliche Darstellung des Gesetzes \u00fcber den Datenschutz und den Schutz der Privatsph\u00e4re in der Telekommunikation und bei digitalen Diensten (Telekommunikation-Digitale-Dienste-Datenschutz-Gesetz &#8211; TDDDG). Das TDDDG trat urspr\u00fcnglich als Gesetz \u00fcber den Datenschutz und den Schutz der Privatsph\u00e4re in der Telekommunikation und bei Telemedien (Telekommunikation-Telemedien-Datenschutz-Gesetz \u2013 TTDSG) am 1. Dezember 2021 in Kraft. Schnelleinstieg Teil 1 &#8211; [&hellip;]\" \/>\n<meta property=\"og:url\" content=\"https:\/\/www.activemind.legal\/de\/gesetze\/tdddg\/\" \/>\n<meta property=\"og:site_name\" content=\"activeMind.legal\" \/>\n<meta property=\"article:modified_time\" content=\"2025-01-26T18:29:43+00:00\" \/>\n<meta name=\"twitter:card\" content=\"summary_large_image\" \/>\n<meta name=\"twitter:label1\" content=\"Est. reading time\" \/>\n\t<meta name=\"twitter:data1\" content=\"3 minutes\" \/>\n<script type=\"application\/ld+json\" class=\"yoast-schema-graph\">{\"@context\":\"https:\\\/\\\/schema.org\",\"@graph\":[{\"@type\":\"WebPage\",\"@id\":\"https:\\\/\\\/www.activemind.legal\\\/de\\\/gesetze\\\/tdddg\\\/\",\"url\":\"https:\\\/\\\/www.activemind.legal\\\/de\\\/gesetze\\\/tdddg\\\/\",\"name\":\"Telekommunikation-Digitale-Dienste-Datenschutz-Gesetz (TDDDG) | activeMind.legal\",\"isPartOf\":{\"@id\":\"https:\\\/\\\/www.activemind.legal\\\/de\\\/#website\"},\"datePublished\":\"2022-07-21T08:10:39+00:00\",\"dateModified\":\"2025-01-26T18:29:43+00:00\",\"breadcrumb\":{\"@id\":\"https:\\\/\\\/www.activemind.legal\\\/de\\\/gesetze\\\/tdddg\\\/#breadcrumb\"},\"inLanguage\":\"de-DE\",\"potentialAction\":[{\"@type\":\"ReadAction\",\"target\":[\"https:\\\/\\\/www.activemind.legal\\\/de\\\/gesetze\\\/tdddg\\\/\"]}]},{\"@type\":\"BreadcrumbList\",\"@id\":\"https:\\\/\\\/www.activemind.legal\\\/de\\\/gesetze\\\/tdddg\\\/#breadcrumb\",\"itemListElement\":[{\"@type\":\"ListItem\",\"position\":1,\"name\":\"Home\",\"item\":\"https:\\\/\\\/www.activemind.legal\\\/de\\\/\"},{\"@type\":\"ListItem\",\"position\":2,\"name\":\"Gesetzestexte\",\"item\":\"https:\\\/\\\/www.activemind.legal\\\/de\\\/legislation\\\/\"},{\"@type\":\"ListItem\",\"position\":3,\"name\":\"TTDSG\"}]},{\"@type\":\"WebSite\",\"@id\":\"https:\\\/\\\/www.activemind.legal\\\/de\\\/#website\",\"url\":\"https:\\\/\\\/www.activemind.legal\\\/de\\\/\",\"name\":\"activeMind.legal\",\"description\":\"\",\"publisher\":{\"@id\":\"https:\\\/\\\/www.activemind.legal\\\/de\\\/#organization\"},\"potentialAction\":[{\"@type\":\"SearchAction\",\"target\":{\"@type\":\"EntryPoint\",\"urlTemplate\":\"https:\\\/\\\/www.activemind.legal\\\/de\\\/?s={search_term_string}\"},\"query-input\":{\"@type\":\"PropertyValueSpecification\",\"valueRequired\":true,\"valueName\":\"search_term_string\"}}],\"inLanguage\":\"de-DE\"},{\"@type\":\"Organization\",\"@id\":\"https:\\\/\\\/www.activemind.legal\\\/de\\\/#organization\",\"name\":\"activeMind.legal\",\"alternateName\":\"activeMind.legal Rechtsanwaltsgesellschaft mbH\",\"url\":\"https:\\\/\\\/www.activemind.legal\\\/de\\\/\",\"logo\":{\"@type\":\"ImageObject\",\"inLanguage\":\"de-DE\",\"@id\":\"https:\\\/\\\/www.activemind.legal\\\/de\\\/#\\\/schema\\\/logo\\\/image\\\/\",\"url\":\"https:\\\/\\\/www.activemind.legal\\\/wp-content\\\/uploads\\\/activeMind-legal_logo.svg\",\"contentUrl\":\"https:\\\/\\\/www.activemind.legal\\\/wp-content\\\/uploads\\\/activeMind-legal_logo.svg\",\"caption\":\"activeMind.legal\"},\"image\":{\"@id\":\"https:\\\/\\\/www.activemind.legal\\\/de\\\/#\\\/schema\\\/logo\\\/image\\\/\"}}]}<\/script>\n<!-- \/ Yoast SEO plugin. -->","yoast_head_json":{"title":"Telekommunikation-Digitale-Dienste-Datenschutz-Gesetz (TDDDG) | activeMind.legal","robots":{"index":"index","follow":"follow","max-snippet":"max-snippet:-1","max-image-preview":"max-image-preview:large","max-video-preview":"max-video-preview:-1"},"canonical":"https:\/\/www.activemind.legal\/de\/gesetze\/tdddg\/","og_locale":"de_DE","og_type":"article","og_title":"Telekommunikation-Digitale-Dienste-Datenschutz-Gesetz (TDDDG) | activeMind.legal","og_description":"\u00dcbersichtliche Darstellung des Gesetzes \u00fcber den Datenschutz und den Schutz der Privatsph\u00e4re in der Telekommunikation und bei digitalen Diensten (Telekommunikation-Digitale-Dienste-Datenschutz-Gesetz &#8211; TDDDG). Das TDDDG trat urspr\u00fcnglich als Gesetz \u00fcber den Datenschutz und den Schutz der Privatsph\u00e4re in der Telekommunikation und bei Telemedien (Telekommunikation-Telemedien-Datenschutz-Gesetz \u2013 TTDSG) am 1. Dezember 2021 in Kraft. Schnelleinstieg Teil 1 &#8211; [&hellip;]","og_url":"https:\/\/www.activemind.legal\/de\/gesetze\/tdddg\/","og_site_name":"activeMind.legal","article_modified_time":"2025-01-26T18:29:43+00:00","twitter_card":"summary_large_image","twitter_misc":{"Est. reading time":"3 minutes"},"schema":{"@context":"https:\/\/schema.org","@graph":[{"@type":"WebPage","@id":"https:\/\/www.activemind.legal\/de\/gesetze\/tdddg\/","url":"https:\/\/www.activemind.legal\/de\/gesetze\/tdddg\/","name":"Telekommunikation-Digitale-Dienste-Datenschutz-Gesetz (TDDDG) | activeMind.legal","isPartOf":{"@id":"https:\/\/www.activemind.legal\/de\/#website"},"datePublished":"2022-07-21T08:10:39+00:00","dateModified":"2025-01-26T18:29:43+00:00","breadcrumb":{"@id":"https:\/\/www.activemind.legal\/de\/gesetze\/tdddg\/#breadcrumb"},"inLanguage":"de-DE","potentialAction":[{"@type":"ReadAction","target":["https:\/\/www.activemind.legal\/de\/gesetze\/tdddg\/"]}]},{"@type":"BreadcrumbList","@id":"https:\/\/www.activemind.legal\/de\/gesetze\/tdddg\/#breadcrumb","itemListElement":[{"@type":"ListItem","position":1,"name":"Home","item":"https:\/\/www.activemind.legal\/de\/"},{"@type":"ListItem","position":2,"name":"Gesetzestexte","item":"https:\/\/www.activemind.legal\/de\/legislation\/"},{"@type":"ListItem","position":3,"name":"TTDSG"}]},{"@type":"WebSite","@id":"https:\/\/www.activemind.legal\/de\/#website","url":"https:\/\/www.activemind.legal\/de\/","name":"activeMind.legal","description":"","publisher":{"@id":"https:\/\/www.activemind.legal\/de\/#organization"},"potentialAction":[{"@type":"SearchAction","target":{"@type":"EntryPoint","urlTemplate":"https:\/\/www.activemind.legal\/de\/?s={search_term_string}"},"query-input":{"@type":"PropertyValueSpecification","valueRequired":true,"valueName":"search_term_string"}}],"inLanguage":"de-DE"},{"@type":"Organization","@id":"https:\/\/www.activemind.legal\/de\/#organization","name":"activeMind.legal","alternateName":"activeMind.legal Rechtsanwaltsgesellschaft mbH","url":"https:\/\/www.activemind.legal\/de\/","logo":{"@type":"ImageObject","inLanguage":"de-DE","@id":"https:\/\/www.activemind.legal\/de\/#\/schema\/logo\/image\/","url":"https:\/\/www.activemind.legal\/wp-content\/uploads\/activeMind-legal_logo.svg","contentUrl":"https:\/\/www.activemind.legal\/wp-content\/uploads\/activeMind-legal_logo.svg","caption":"activeMind.legal"},"image":{"@id":"https:\/\/www.activemind.legal\/de\/#\/schema\/logo\/image\/"}}]}},"_links":{"self":[{"href":"https:\/\/www.activemind.legal\/de\/wp-json\/wp\/v2\/pages\/1079","targetHints":{"allow":["GET"]}}],"collection":[{"href":"https:\/\/www.activemind.legal\/de\/wp-json\/wp\/v2\/pages"}],"about":[{"href":"https:\/\/www.activemind.legal\/de\/wp-json\/wp\/v2\/types\/page"}],"author":[{"embeddable":true,"href":"https:\/\/www.activemind.legal\/de\/wp-json\/wp\/v2\/users\/1"}],"replies":[{"embeddable":true,"href":"https:\/\/www.activemind.legal\/de\/wp-json\/wp\/v2\/comments?post=1079"}],"version-history":[{"count":27,"href":"https:\/\/www.activemind.legal\/de\/wp-json\/wp\/v2\/pages\/1079\/revisions"}],"predecessor-version":[{"id":21620,"href":"https:\/\/www.activemind.legal\/de\/wp-json\/wp\/v2\/pages\/1079\/revisions\/21620"}],"up":[{"embeddable":true,"href":"https:\/\/www.activemind.legal\/de\/wp-json\/wp\/v2\/pages\/589"}],"wp:attachment":[{"href":"https:\/\/www.activemind.legal\/de\/wp-json\/wp\/v2\/media?parent=1079"}],"wp:term":[{"taxonomy":"category","embeddable":true,"href":"https:\/\/www.activemind.legal\/de\/wp-json\/wp\/v2\/categories?post=1079"}],"curies":[{"name":"wp","href":"https:\/\/api.w.org\/{rel}","templated":true}]}}